{"id":111,"date":"2024-06-25T16:31:54","date_gmt":"2024-06-25T16:31:54","guid":{"rendered":"https:\/\/ieeechile.cl\/wie\/?page_id=111"},"modified":"2024-06-25T16:31:57","modified_gmt":"2024-06-25T16:31:57","slug":"merchandising","status":"publish","type":"page","link":"https:\/\/ieeechile.cl\/wie\/merchandising\/","title":{"rendered":"Merchandising"},"content":{"rendered":"\n<p class=\"\"><\/p>\n\n\n\n<div class=\"nfd-container wp-block-group alignfull has-global-padding is-layout-constrained wp-container-core-group-is-layout-346627ba wp-block-group-is-layout-constrained\">\n<div class=\"nfd-container nfd-text-md wp-block-group alignwide has-global-padding is-layout-constrained wp-container-core-group-is-layout-346627ba wp-block-group-is-layout-constrained\">\n<h2 class=\"nfd-text-xl nfd-text-balance wp-block-heading has-text-align-center\" style=\"font-style:normal;font-weight:600\">Descripci\u00f3n general<\/h2>\n\n\n\n<p class=\"has-text-align-center\">Los art\u00edculos promocionales de IEEE WIE est\u00e1n disponibles para los eventos y actividades de WIE Affinity Group para brindar visibilidad a IEEE Women in Engineering. Complete el formulario a continuaci\u00f3n para solicitar art\u00edculos&nbsp;&nbsp;<strong>al menos tres (3) semanas antes de su evento.&nbsp;<\/strong>&nbsp;&nbsp;<strong>Tenga en cuenta que las cantidades son limitadas y los art\u00edculos deben ser complementarios a su fuente principal de art\u00edculos promocionales para su evento.<\/strong>&nbsp;&nbsp; Solo se permite una solicitud por a\u00f1o para un grupo de afinidad WIE.<\/p>\n\n\n\n<p class=\"has-text-align-center\">Ejemplos de art\u00edculos promocionales enviados son bol\u00edgrafos, carteles publicitarios, bolsos de mano y etiquetas de equipaje.<\/p>\n\n\n\n<p class=\"has-text-align-center\">Si tiene alguna pregunta, env\u00ede un correo electr\u00f3nico a&nbsp;<a href=\"mailto:wie-staff@ieee.org\" target=\"_blank\" rel=\"noreferrer noopener\">wie-funding@ieee.org<\/a>&nbsp;.<\/p>\n<\/div>\n<\/div>\n\n\n\n<div class=\"nfd-container wp-block-group has-global-padding is-layout-constrained wp-container-core-group-is-layout-f36bc466 wp-block-group-is-layout-constrained\">\n<div class=\"nfd-p-card-md nfd-rounded-full nfd-gap-xl nfd-shadow-xs wp-block-group alignwide nfd-bg-surface nfd-theme-light is-content-justification-center is-layout-flex wp-container-core-group-is-layout-b02886af wp-block-group-is-layout-flex\">\n<div class=\"nfd-gap-md wp-block-group is-layout-flex wp-block-group-is-layout-flex\">\n<div class=\"nfd-gap-0 wp-block-group is-vertical is-layout-flex wp-container-core-group-is-layout-fe9cc265 wp-block-group-is-layout-flex\">\n<p class=\"nfd-text-md\" style=\"font-style:normal;font-weight:600\">Solicitud Merchandising<\/p>\n<\/div>\n<\/div>\n\n\n\n<div class=\"wp-block-buttons is-layout-flex wp-block-buttons-is-layout-flex\">\n<div class=\"nfd-btn-wide nfd-rounded-full wp-block-button\"><a class=\"wp-block-button__link wp-element-button\">Formulario<\/a><\/div>\n<\/div>\n<\/div>\n<\/div>\n","protected":false},"excerpt":{"rendered":"<p>Descripci\u00f3n general Los art\u00edculos promocionales de IEEE WIE est\u00e1n disponibles para los eventos y actividades de WIE Affinity Group para brindar visibilidad a IEEE Women in Engineering. Complete el formulario a continuaci\u00f3n para solicitar art\u00edculos&nbsp;&nbsp;al menos tres (3) semanas antes de su evento.&nbsp;&nbsp;&nbsp;Tenga en cuenta que las cantidades son limitadas y los art\u00edculos deben ser [&hellip;]<\/p>\n","protected":false},"author":2,"featured_media":0,"parent":0,"menu_order":0,"comment_status":"closed","ping_status":"closed","template":"","meta":{"nf_dc_page":"","om_disable_all_campaigns":false,"_monsterinsights_skip_tracking":false,"_monsterinsights_sitenote_active":false,"_monsterinsights_sitenote_note":"","_monsterinsights_sitenote_category":0,"jetpack_post_was_ever_published":false,"footnotes":""},"class_list":["post-111","page","type-page","status-publish","hentry"],"yoast_head":"<!-- This site is optimized with the Yoast SEO plugin v27.4 - https:\/\/yoast.com\/product\/yoast-seo-wordpress\/ -->\n<title>Merchandising - IEEE WIE Chile Centro<\/title>\n<meta name=\"robots\" content=\"index, follow, max-snippet:-1, max-image-preview:large, max-video-preview:-1\" \/>\n<link rel=\"canonical\" href=\"https:\/\/ieeechile.cl\/wie\/merchandising\/\" \/>\n<meta property=\"og:locale\" content=\"en_US\" \/>\n<meta property=\"og:type\" content=\"article\" \/>\n<meta property=\"og:title\" content=\"Merchandising - IEEE WIE Chile Centro\" \/>\n<meta property=\"og:description\" content=\"Descripci\u00f3n general Los art\u00edculos promocionales de IEEE WIE est\u00e1n disponibles para los eventos y actividades de WIE Affinity Group para brindar visibilidad a IEEE Women in Engineering. Complete el formulario a continuaci\u00f3n para solicitar art\u00edculos&nbsp;&nbsp;al menos tres (3) semanas antes de su evento.&nbsp;&nbsp;&nbsp;Tenga en cuenta que las cantidades son limitadas y los art\u00edculos deben ser [&hellip;]\" \/>\n<meta property=\"og:url\" content=\"https:\/\/ieeechile.cl\/wie\/merchandising\/\" \/>\n<meta property=\"og:site_name\" content=\"IEEE WIE Chile Centro\" \/>\n<meta property=\"article:modified_time\" content=\"2024-06-25T16:31:57+00:00\" \/>\n<meta name=\"twitter:card\" content=\"summary_large_image\" \/>\n<meta name=\"twitter:label1\" content=\"Est. reading time\" \/>\n\t<meta name=\"twitter:data1\" content=\"1 minute\" \/>\n<script type=\"application\/ld+json\" class=\"yoast-schema-graph\">{\"@context\":\"https:\\\/\\\/schema.org\",\"@graph\":[{\"@type\":\"WebPage\",\"@id\":\"https:\\\/\\\/ieeechile.cl\\\/wie\\\/merchandising\\\/\",\"url\":\"https:\\\/\\\/ieeechile.cl\\\/wie\\\/merchandising\\\/\",\"name\":\"Merchandising - IEEE WIE Chile Centro\",\"isPartOf\":{\"@id\":\"https:\\\/\\\/ieeechile.cl\\\/wie\\\/#website\"},\"datePublished\":\"2024-06-25T16:31:54+00:00\",\"dateModified\":\"2024-06-25T16:31:57+00:00\",\"breadcrumb\":{\"@id\":\"https:\\\/\\\/ieeechile.cl\\\/wie\\\/merchandising\\\/#breadcrumb\"},\"inLanguage\":\"en-US\",\"potentialAction\":[{\"@type\":\"ReadAction\",\"target\":[\"https:\\\/\\\/ieeechile.cl\\\/wie\\\/merchandising\\\/\"]}]},{\"@type\":\"BreadcrumbList\",\"@id\":\"https:\\\/\\\/ieeechile.cl\\\/wie\\\/merchandising\\\/#breadcrumb\",\"itemListElement\":[{\"@type\":\"ListItem\",\"position\":1,\"name\":\"Home\",\"item\":\"https:\\\/\\\/ieeechile.cl\\\/wie\\\/\"},{\"@type\":\"ListItem\",\"position\":2,\"name\":\"Merchandising\"}]},{\"@type\":\"WebSite\",\"@id\":\"https:\\\/\\\/ieeechile.cl\\\/wie\\\/#website\",\"url\":\"https:\\\/\\\/ieeechile.cl\\\/wie\\\/\",\"name\":\"IEEE WIE Chile Centro\",\"description\":\"#WIEChileCentro #STEM\",\"publisher\":{\"@id\":\"https:\\\/\\\/ieeechile.cl\\\/wie\\\/#organization\"},\"potentialAction\":[{\"@type\":\"SearchAction\",\"target\":{\"@type\":\"EntryPoint\",\"urlTemplate\":\"https:\\\/\\\/ieeechile.cl\\\/wie\\\/?s={search_term_string}\"},\"query-input\":{\"@type\":\"PropertyValueSpecification\",\"valueRequired\":true,\"valueName\":\"search_term_string\"}}],\"inLanguage\":\"en-US\"},{\"@type\":\"Organization\",\"@id\":\"https:\\\/\\\/ieeechile.cl\\\/wie\\\/#organization\",\"name\":\"IEEE WIE Chile Centro\",\"url\":\"https:\\\/\\\/ieeechile.cl\\\/wie\\\/\",\"logo\":{\"@type\":\"ImageObject\",\"inLanguage\":\"en-US\",\"@id\":\"https:\\\/\\\/ieeechile.cl\\\/wie\\\/#\\\/schema\\\/logo\\\/image\\\/\",\"url\":\"https:\\\/\\\/i0.wp.com\\\/ieeechile.cl\\\/wie\\\/wp-content\\\/uploads\\\/2024\\\/06\\\/LogoWIE_ChileCentro_FondoBlanco.png?fit=2209%2C2213&ssl=1\",\"contentUrl\":\"https:\\\/\\\/i0.wp.com\\\/ieeechile.cl\\\/wie\\\/wp-content\\\/uploads\\\/2024\\\/06\\\/LogoWIE_ChileCentro_FondoBlanco.png?fit=2209%2C2213&ssl=1\",\"width\":2209,\"height\":2213,\"caption\":\"IEEE WIE Chile Centro\"},\"image\":{\"@id\":\"https:\\\/\\\/ieeechile.cl\\\/wie\\\/#\\\/schema\\\/logo\\\/image\\\/\"}}]}<\/script>\n<!-- \/ Yoast SEO plugin. -->","yoast_head_json":{"title":"Merchandising - IEEE WIE Chile Centro","robots":{"index":"index","follow":"follow","max-snippet":"max-snippet:-1","max-image-preview":"max-image-preview:large","max-video-preview":"max-video-preview:-1"},"canonical":"https:\/\/ieeechile.cl\/wie\/merchandising\/","og_locale":"en_US","og_type":"article","og_title":"Merchandising - IEEE WIE Chile Centro","og_description":"Descripci\u00f3n general Los art\u00edculos promocionales de IEEE WIE est\u00e1n disponibles para los eventos y actividades de WIE Affinity Group para brindar visibilidad a IEEE Women in Engineering. Complete el formulario a continuaci\u00f3n para solicitar art\u00edculos&nbsp;&nbsp;al menos tres (3) semanas antes de su evento.&nbsp;&nbsp;&nbsp;Tenga en cuenta que las cantidades son limitadas y los art\u00edculos deben ser [&hellip;]","og_url":"https:\/\/ieeechile.cl\/wie\/merchandising\/","og_site_name":"IEEE WIE Chile Centro","article_modified_time":"2024-06-25T16:31:57+00:00","twitter_card":"summary_large_image","twitter_misc":{"Est. reading time":"1 minute"},"schema":{"@context":"https:\/\/schema.org","@graph":[{"@type":"WebPage","@id":"https:\/\/ieeechile.cl\/wie\/merchandising\/","url":"https:\/\/ieeechile.cl\/wie\/merchandising\/","name":"Merchandising - IEEE WIE Chile Centro","isPartOf":{"@id":"https:\/\/ieeechile.cl\/wie\/#website"},"datePublished":"2024-06-25T16:31:54+00:00","dateModified":"2024-06-25T16:31:57+00:00","breadcrumb":{"@id":"https:\/\/ieeechile.cl\/wie\/merchandising\/#breadcrumb"},"inLanguage":"en-US","potentialAction":[{"@type":"ReadAction","target":["https:\/\/ieeechile.cl\/wie\/merchandising\/"]}]},{"@type":"BreadcrumbList","@id":"https:\/\/ieeechile.cl\/wie\/merchandising\/#breadcrumb","itemListElement":[{"@type":"ListItem","position":1,"name":"Home","item":"https:\/\/ieeechile.cl\/wie\/"},{"@type":"ListItem","position":2,"name":"Merchandising"}]},{"@type":"WebSite","@id":"https:\/\/ieeechile.cl\/wie\/#website","url":"https:\/\/ieeechile.cl\/wie\/","name":"IEEE WIE Chile Centro","description":"#WIEChileCentro #STEM","publisher":{"@id":"https:\/\/ieeechile.cl\/wie\/#organization"},"potentialAction":[{"@type":"SearchAction","target":{"@type":"EntryPoint","urlTemplate":"https:\/\/ieeechile.cl\/wie\/?s={search_term_string}"},"query-input":{"@type":"PropertyValueSpecification","valueRequired":true,"valueName":"search_term_string"}}],"inLanguage":"en-US"},{"@type":"Organization","@id":"https:\/\/ieeechile.cl\/wie\/#organization","name":"IEEE WIE Chile Centro","url":"https:\/\/ieeechile.cl\/wie\/","logo":{"@type":"ImageObject","inLanguage":"en-US","@id":"https:\/\/ieeechile.cl\/wie\/#\/schema\/logo\/image\/","url":"https:\/\/i0.wp.com\/ieeechile.cl\/wie\/wp-content\/uploads\/2024\/06\/LogoWIE_ChileCentro_FondoBlanco.png?fit=2209%2C2213&ssl=1","contentUrl":"https:\/\/i0.wp.com\/ieeechile.cl\/wie\/wp-content\/uploads\/2024\/06\/LogoWIE_ChileCentro_FondoBlanco.png?fit=2209%2C2213&ssl=1","width":2209,"height":2213,"caption":"IEEE WIE Chile Centro"},"image":{"@id":"https:\/\/ieeechile.cl\/wie\/#\/schema\/logo\/image\/"}}]}},"jetpack-related-posts":[],"jetpack_sharing_enabled":true,"_links":{"self":[{"href":"https:\/\/ieeechile.cl\/wie\/wp-json\/wp\/v2\/pages\/111","targetHints":{"allow":["GET"]}}],"collection":[{"href":"https:\/\/ieeechile.cl\/wie\/wp-json\/wp\/v2\/pages"}],"about":[{"href":"https:\/\/ieeechile.cl\/wie\/wp-json\/wp\/v2\/types\/page"}],"author":[{"embeddable":true,"href":"https:\/\/ieeechile.cl\/wie\/wp-json\/wp\/v2\/users\/2"}],"replies":[{"embeddable":true,"href":"https:\/\/ieeechile.cl\/wie\/wp-json\/wp\/v2\/comments?post=111"}],"version-history":[{"count":1,"href":"https:\/\/ieeechile.cl\/wie\/wp-json\/wp\/v2\/pages\/111\/revisions"}],"predecessor-version":[{"id":112,"href":"https:\/\/ieeechile.cl\/wie\/wp-json\/wp\/v2\/pages\/111\/revisions\/112"}],"wp:attachment":[{"href":"https:\/\/ieeechile.cl\/wie\/wp-json\/wp\/v2\/media?parent=111"}],"curies":[{"name":"wp","href":"https:\/\/api.w.org\/{rel}","templated":true}]}}