{"id":67,"date":"2023-07-19T06:33:46","date_gmt":"2023-07-19T06:33:46","guid":{"rendered":"https:\/\/ieeechile.cl\/dec1\/?page_id=67"},"modified":"2023-07-19T06:33:46","modified_gmt":"2023-07-19T06:33:46","slug":"uss-insider-sight","status":"publish","type":"page","link":"https:\/\/ieeechile.cl\/dec1\/uss-insider-sight\/","title":{"rendered":"USS: Insider Sight"},"content":{"rendered":"<p>La rama estudiantil IEEE USS (Universidad San Sebasti\u00e1n) junto con los cap\u00edtulos de las Secciones Chile Centro y Secci\u00f3n Argentina para IEEE Computer Society y Computational Intelligence Society, invitan cordialmente a toda la comunidad al evento USS: Insider Sight durante el 19 y 20 de junio de 2023.<\/p>\n<p>USS: Insider Sight reunir\u00e1 a destacados expertos de la industria de los videojuegos y la inteligencia artificial para compartir sus conocimientos, experiencias y perspectivas en este campo en constante evoluci\u00f3n. <\/p>\n<p>Se requiere inscripci\u00f3n previa en <a href=\"https:\/\/my.demio.com\/ref\/VH4B9iLunsYc75Ht\" rel=\"noopener\" target=\"_blank\">https:\/\/my.demio.com\/ref\/VH4B9iLunsYc75Ht<\/a>.<br \/>\n<img loading=\"lazy\" decoding=\"async\" src=\"https:\/\/ieeechile.cl\/dec1\/wp-content\/uploads\/2023\/07\/sb_uss_jun23-268x300.png\" alt=\"\" width=\"268\" height=\"300\" class=\"alignnone size-medium wp-image-68\" srcset=\"https:\/\/ieeechile.cl\/dec1\/wp-content\/uploads\/2023\/07\/sb_uss_jun23-268x300.png 268w, https:\/\/ieeechile.cl\/dec1\/wp-content\/uploads\/2023\/07\/sb_uss_jun23.png 501w\" sizes=\"auto, (max-width: 268px) 100vw, 268px\" \/><\/p>\n","protected":false},"excerpt":{"rendered":"<p>La rama estudiantil IEEE USS (Universidad San Sebasti\u00e1n) junto con los cap\u00edtulos de las Secciones Chile Centro y Secci\u00f3n Argentina para IEEE Computer Society y Computational Intelligence Society, invitan cordialmente a toda la comunidad al evento USS: Insider Sight durante el 19 y 20 de junio de 2023. USS: Insider Sight reunir\u00e1 a destacados expertos&hellip; <br \/> <a class=\"read-more\" href=\"https:\/\/ieeechile.cl\/dec1\/uss-insider-sight\/\">Leer m\u00e1s<\/a><\/p>\n","protected":false},"author":1,"featured_media":0,"parent":0,"menu_order":0,"comment_status":"closed","ping_status":"closed","template":"","meta":{"footnotes":""},"class_list":["post-67","page","type-page","status-publish","hentry"],"_links":{"self":[{"href":"https:\/\/ieeechile.cl\/dec1\/wp-json\/wp\/v2\/pages\/67","targetHints":{"allow":["GET"]}}],"collection":[{"href":"https:\/\/ieeechile.cl\/dec1\/wp-json\/wp\/v2\/pages"}],"about":[{"href":"https:\/\/ieeechile.cl\/dec1\/wp-json\/wp\/v2\/types\/page"}],"author":[{"embeddable":true,"href":"https:\/\/ieeechile.cl\/dec1\/wp-json\/wp\/v2\/users\/1"}],"replies":[{"embeddable":true,"href":"https:\/\/ieeechile.cl\/dec1\/wp-json\/wp\/v2\/comments?post=67"}],"version-history":[{"count":1,"href":"https:\/\/ieeechile.cl\/dec1\/wp-json\/wp\/v2\/pages\/67\/revisions"}],"predecessor-version":[{"id":69,"href":"https:\/\/ieeechile.cl\/dec1\/wp-json\/wp\/v2\/pages\/67\/revisions\/69"}],"wp:attachment":[{"href":"https:\/\/ieeechile.cl\/dec1\/wp-json\/wp\/v2\/media?parent=67"}],"curies":[{"name":"wp","href":"https:\/\/api.w.org\/{rel}","templated":true}]}}