{"id":64,"date":"2023-07-19T06:30:46","date_gmt":"2023-07-19T06:30:46","guid":{"rendered":"https:\/\/ieeechile.cl\/dec1\/?page_id=64"},"modified":"2023-07-19T06:30:46","modified_gmt":"2023-07-19T06:30:46","slug":"interaccion-humano-robot-en-base-a-inteligencia-artificial-para-procesos-agricolas-dr-juan-vasconez","status":"publish","type":"page","link":"https:\/\/ieeechile.cl\/dec1\/interaccion-humano-robot-en-base-a-inteligencia-artificial-para-procesos-agricolas-dr-juan-vasconez\/","title":{"rendered":"Interacci\u00f3n humano-robot en base a inteligencia artificial para procesos agr\u00edcolas &#8211; Dr. Juan V\u00e1sconez"},"content":{"rendered":"<p>Revisa la tercera presentaci\u00f3n del a\u00f1o del ciclo mensual de charlas rob\u00f3ticas de <a href=\"https:\/\/ieeechile.cl\/ras\" target=\"_blank\" rel=\"noopener\">IEEE RAS Chile Centro<\/a>. En esta ocasi\u00f3n el Dr. Juan V\u00e1sconez nos presenta \u00abInteracci\u00f3n humano-robot en base a inteligencia artificial para procesos agr\u00edcolas\u00bb. Disponible en el canal de YouTube del cap\u00edtulo t\u00e9cnico: <a href=\"https:\/\/www.youtube.com\/@ieeeraschile\" rel=\"noopener\" target=\"_blank\">https:\/\/www.youtube.com\/@ieeeraschile<\/a>.<br \/>\n<img loading=\"lazy\" decoding=\"async\" src=\"https:\/\/ieeechile.cl\/dec1\/wp-content\/uploads\/2023\/07\/ras_mayo-300x157.png\" alt=\"\" width=\"300\" height=\"157\" class=\"alignnone size-medium wp-image-65\" srcset=\"https:\/\/ieeechile.cl\/dec1\/wp-content\/uploads\/2023\/07\/ras_mayo-300x157.png 300w, https:\/\/ieeechile.cl\/dec1\/wp-content\/uploads\/2023\/07\/ras_mayo-768x402.png 768w, https:\/\/ieeechile.cl\/dec1\/wp-content\/uploads\/2023\/07\/ras_mayo.png 889w\" sizes=\"auto, (max-width: 300px) 100vw, 300px\" \/><\/p>\n","protected":false},"excerpt":{"rendered":"<p>Revisa la tercera presentaci\u00f3n del a\u00f1o del ciclo mensual de charlas rob\u00f3ticas de IEEE RAS Chile Centro. En esta ocasi\u00f3n el Dr. Juan V\u00e1sconez nos presenta \u00abInteracci\u00f3n humano-robot en base a inteligencia artificial para procesos agr\u00edcolas\u00bb. Disponible en el canal de YouTube del cap\u00edtulo t\u00e9cnico: https:\/\/www.youtube.com\/@ieeeraschile.<\/p>\n","protected":false},"author":1,"featured_media":0,"parent":0,"menu_order":0,"comment_status":"closed","ping_status":"closed","template":"","meta":{"footnotes":""},"class_list":["post-64","page","type-page","status-publish","hentry"],"_links":{"self":[{"href":"https:\/\/ieeechile.cl\/dec1\/wp-json\/wp\/v2\/pages\/64","targetHints":{"allow":["GET"]}}],"collection":[{"href":"https:\/\/ieeechile.cl\/dec1\/wp-json\/wp\/v2\/pages"}],"about":[{"href":"https:\/\/ieeechile.cl\/dec1\/wp-json\/wp\/v2\/types\/page"}],"author":[{"embeddable":true,"href":"https:\/\/ieeechile.cl\/dec1\/wp-json\/wp\/v2\/users\/1"}],"replies":[{"embeddable":true,"href":"https:\/\/ieeechile.cl\/dec1\/wp-json\/wp\/v2\/comments?post=64"}],"version-history":[{"count":1,"href":"https:\/\/ieeechile.cl\/dec1\/wp-json\/wp\/v2\/pages\/64\/revisions"}],"predecessor-version":[{"id":66,"href":"https:\/\/ieeechile.cl\/dec1\/wp-json\/wp\/v2\/pages\/64\/revisions\/66"}],"wp:attachment":[{"href":"https:\/\/ieeechile.cl\/dec1\/wp-json\/wp\/v2\/media?parent=64"}],"curies":[{"name":"wp","href":"https:\/\/api.w.org\/{rel}","templated":true}]}}