{"id":33,"date":"2023-04-15T18:20:32","date_gmt":"2023-04-15T18:20:32","guid":{"rendered":"https:\/\/ieeechile.cl\/dec0\/?page_id=33"},"modified":"2025-03-15T18:43:57","modified_gmt":"2025-03-15T18:43:57","slug":"ramas-estudiantiles","status":"publish","type":"page","link":"https:\/\/ieeechile.cl\/dec0\/ramas-estudiantiles\/","title":{"rendered":"RAMAS ESTUDIANTILES"},"content":{"rendered":"<p>(Para mayor detalle sobre las ramas estudiantiles, <a href=\"https:\/\/students.ieee.org\/student-branches\/\" target=\"_blank\" rel=\"noopener\">visite ac\u00e1<\/a>).<\/p>\n<p>Una rama estudiantil le permite a estudiantes acceder a una comunidad de pares junto con acad\u00e9micos y profesionales de la industria en muchos campos t\u00e9cnicos de la Secci\u00f3n (<a href=\"https:\/\/ieeechile.cl\" target=\"_blank\" rel=\"noopener\">IEEE Chile Centro<\/a> en nuestro caso).<\/p>\n<table>\n<tbody>\n<tr>\n<th>Rama Estudiantil<\/th>\n<th>Instituci\u00f3n<\/th>\n<th>Presidente<\/th>\n<th>Periodo<\/th>\n<th>Correo<\/th>\n<\/tr>\n<tr>\n<td>IEEE Student Branch<\/td>\n<td>Pontificia Universidad Cat\u00f3lica de Chile<\/td>\n<td>Valentina Pailamilla<\/td>\n<td>Mar. 2024 &#8211; Mar. 2025<\/td>\n<td>sb.puc@ieeechile.cl<\/td>\n<\/tr>\n<tr>\n<td>IEEE Student Branch<\/td>\n<td>Pontificia Universidad Cat\u00f3lica de Valpara\u00edso<\/td>\n<td>Gonzalo Canessa<\/td>\n<td>Jul. 2024 &#8211; Jul. 2025<\/td>\n<td>sb.pucv@ieeechile.cl<\/td>\n<\/tr>\n<tr>\n<td>IEEE Student Branch<\/td>\n<td>Universidad Andr\u00e9s Bello<\/td>\n<td>Francisco Ar\u00e9valo<\/td>\n<td>Dic. 2023 &#8211; Dic. 2024<\/td>\n<td>rama.ieee@unab.cl<\/td>\n<\/tr>\n<tr>\n<td>IEEE Student Branch<\/td>\n<td>Universidad de Antofagasta<\/td>\n<td>Cristian Rojas<\/td>\n<td>Dic. 2024 &#8211; Dic. 2025<\/td>\n<td>sb.ua@ieeechile.cl<\/td>\n<\/tr>\n<tr>\n<td>IEEE Student Branch<\/td>\n<td>Universidad de Chile<\/td>\n<td>Diego Cabrera<\/td>\n<td>Mar. 2024 &#8211; Dic. 2025<\/td>\n<td>sb.uchile@ieeechile.cl<\/td>\n<\/tr>\n<tr>\n<td>IEEE Student Branch<\/td>\n<td>Universidad de O&#8217;Higgins<\/td>\n<td>Jorge Guti\u00e9rrez<\/td>\n<td>Feb. 2025 &#8211; Dic. 2025<\/td>\n<td>sb.uoh@ieeechile.cl<\/td>\n<\/tr>\n<tr>\n<td>IEEE Student Branch<\/td>\n<td>Universidad de Santiago<\/td>\n<td>Daniel Flores<\/td>\n<td>Abr. 2024 &#8211; Ene. 2025<\/td>\n<td>sb.usach@ieeechile.cl<\/td>\n<\/tr>\n<tr>\n<td>IEEE Student Branch<\/td>\n<td>Universidad del B\u00edo B\u00edo<\/td>\n<td>Dana Meissburger<\/td>\n<td>Mar. 2024 &#8211; Feb. 2025<\/td>\n<td>sb.ubb@ieeechile.cl<\/td>\n<\/tr>\n<tr>\n<td>IEEE Student Branch<\/td>\n<td>Universidad Diego Portales<\/td>\n<td>Josefina Vargas<\/td>\n<td>Ene. 2024 &#8211; Ene. 2025<\/td>\n<td>sb.udp@ieeechile.cl<\/td>\n<\/tr>\n<tr>\n<td>IEEE Student Branch<\/td>\n<td>Universidad Mayor<\/td>\n<td>Diego Reyes<\/td>\n<td>Ago. 2022 &#8211; Ago. 2024<\/td>\n<td>sb.umayor@ieeechile.cl<\/td>\n<\/tr>\n<tr>\n<td>IEEE Student Branch<\/td>\n<td>Universidad San Sebasti\u00e1n<\/td>\n<td>Alexander Bracho<\/td>\n<td>Ene. 2023 &#8211; Ene. 2025<\/td>\n<td>sb.uss@ieeechile.cl<\/td>\n<\/tr>\n<tr>\n<td>IEEE Student Branch<\/td>\n<td>Universidad T\u00e9cnica Federico Santa Mar\u00eda<\/td>\n<td>Basti\u00e1n Osorio<\/td>\n<td>Abr. 2024 &#8211; Dic. 2024<\/td>\n<td>sb.usm@ieeechile.cl<\/td>\n<\/tr>\n<\/tbody>\n<\/table>\n<table>\n<tbody>\n<tr>\n<th>Cap\u00edtulo Estudiantil<\/th>\n<th>Instituci\u00f3n<\/th>\n<th>Presidente<\/th>\n<th>Periodo<\/th>\n<th>Correo<\/th>\n<\/tr>\n<tr>\n<td>Student Chapter: Oceanic Engineering Society<\/td>\n<td>Pontificia Universidad Cat\u00f3lica de Chile<\/td>\n<td>Javiera Fuentes<\/td>\n<td>Ago. 2023 &#8211; Dic. 2024<\/td>\n<td>sb.puc@ieeechile.cl<\/td>\n<\/tr>\n<tr>\n<td>Jt. Student Chapter: Robotics &amp; Automation Society\/Computer Society\/Computational Intelligence Society<\/td>\n<td>Universidad Andr\u00e9s Bello<\/td>\n<td>Aline Galleguillos<\/td>\n<td>Oct. 2023 &#8211; Dic. 2024<\/td>\n<td>rama.ieee@unab.cl<\/td>\n<\/tr>\n<tr>\n<td>Student Chapter: Power &amp; Energy Society<\/td>\n<td>Universidad de Antofagasta<\/td>\n<td>Basti\u00e1n Acu\u00f1a<\/td>\n<td>Jun. 2022 &#8211; Jun. 2024<\/td>\n<td>sb.ua@ieeechile.cl<\/td>\n<\/tr>\n<tr>\n<td>Student Chapter: Robotics &amp; Automation Society<\/td>\n<td>Universidad de Antofagasta<\/td>\n<td>Manuel Mundaca<\/td>\n<td>Jun. 2022 &#8211; Jun. 2024<\/td>\n<td>sb.ua@ieeechile.cl<\/td>\n<\/tr>\n<tr>\n<td>Student Chapter: Industry Applications Society<\/td>\n<td>Universidad de Chile<\/td>\n<td>\u00c1lvaro Flores<\/td>\n<td>Nov. 2022 &#8211; Jul. 2024<\/td>\n<td>sb.uchile@ieeechile.cl<\/td>\n<\/tr>\n<tr>\n<td>Student Chapter: Computer Society<\/td>\n<td>Universidad de Chile<\/td>\n<td>Lucas Carrasco<\/td>\n<td>Sep. 2023 &#8211; Sep. 2024<\/td>\n<td>sb.uchile@ieeechile.cl<\/td>\n<\/tr>\n<tr>\n<td>Student Chapter: Robotics &amp; Automation Society<\/td>\n<td>Universidad de Concepci\u00f3n<\/td>\n<td>Basti\u00e1n Parra<\/td>\n<td>Abr. 2023 &#8211; Abr. 2024<\/td>\n<td>sb.udec@ieeechile.cl<\/td>\n<\/tr>\n<tr>\n<td>Student Chapter: Photonics Society<\/td>\n<td>Universidad de Santiago<\/td>\n<td>Fernanda Jara<\/td>\n<td>Jun. 2022 &#8211; Jun. 2024<\/td>\n<td>sb.usach@ieeechile.cl<\/td>\n<\/tr>\n<tr>\n<td>Student Chapter: Communications Society<\/td>\n<td>Universidad Diego Portales<\/td>\n<td>Nikolas Bugue\u00f1o<\/td>\n<td>May. 2023 &#8211; Abr. 2024<\/td>\n<td>sb.udp@ieeechile.cl<\/td>\n<\/tr>\n<td>Student Chapter: Computer Society<\/td>\n<td>Universidad Diego Portales<\/td>\n<td>Samuel Angulo<\/td>\n<td>Ene. 2024 &#8211; Dic. 2024<\/td>\n<td>sb.udp@ieeechile.cl<\/td>\n<\/tr>\n<tr>\n<td>Student Chapter: Computer Society<\/td>\n<td>Universidad T\u00e9cnica Federico Santa Mar\u00eda<\/td>\n<td>Jorge Vicu\u00f1a<\/td>\n<td>Ago. 2022 &#8211; Dic. 2024<\/td>\n<td>sb.usm@ieeechile.cl<\/td>\n<\/tr>\n<\/tbody>\n<\/table>\n","protected":false},"excerpt":{"rendered":"<p>(Para mayor detalle sobre las ramas estudiantiles, visite ac\u00e1). Una rama estudiantil le permite a estudiantes acceder a una comunidad de pares junto con acad\u00e9micos y profesionales de la industria en muchos campos t\u00e9cnicos de la Secci\u00f3n (IEEE Chile Centro en nuestro caso). Rama Estudiantil Instituci\u00f3n Presidente Periodo Correo IEEE Student Branch Pontificia Universidad Cat\u00f3lica&hellip; <br \/> <a class=\"read-more\" href=\"https:\/\/ieeechile.cl\/dec0\/ramas-estudiantiles\/\">Leer m\u00e1s<\/a><\/p>\n","protected":false},"author":1,"featured_media":0,"parent":0,"menu_order":0,"comment_status":"closed","ping_status":"closed","template":"","meta":{"footnotes":""},"class_list":["post-33","page","type-page","status-publish","hentry"],"_links":{"self":[{"href":"https:\/\/ieeechile.cl\/dec0\/wp-json\/wp\/v2\/pages\/33","targetHints":{"allow":["GET"]}}],"collection":[{"href":"https:\/\/ieeechile.cl\/dec0\/wp-json\/wp\/v2\/pages"}],"about":[{"href":"https:\/\/ieeechile.cl\/dec0\/wp-json\/wp\/v2\/types\/page"}],"author":[{"embeddable":true,"href":"https:\/\/ieeechile.cl\/dec0\/wp-json\/wp\/v2\/users\/1"}],"replies":[{"embeddable":true,"href":"https:\/\/ieeechile.cl\/dec0\/wp-json\/wp\/v2\/comments?post=33"}],"version-history":[{"count":12,"href":"https:\/\/ieeechile.cl\/dec0\/wp-json\/wp\/v2\/pages\/33\/revisions"}],"predecessor-version":[{"id":577,"href":"https:\/\/ieeechile.cl\/dec0\/wp-json\/wp\/v2\/pages\/33\/revisions\/577"}],"wp:attachment":[{"href":"https:\/\/ieeechile.cl\/dec0\/wp-json\/wp\/v2\/media?parent=33"}],"curies":[{"name":"wp","href":"https:\/\/api.w.org\/{rel}","templated":true}]}}