{"id":31,"date":"2023-04-15T18:20:20","date_gmt":"2023-04-15T18:20:20","guid":{"rendered":"https:\/\/ieeechile.cl\/dec0\/?page_id=31"},"modified":"2026-04-29T17:45:45","modified_gmt":"2026-04-29T17:45:45","slug":"grupos-de-afinidad","status":"publish","type":"page","link":"https:\/\/ieeechile.cl\/dec0\/grupos-de-afinidad\/","title":{"rendered":"GRUPOS DE AFINIDAD"},"content":{"rendered":"<p>(Para mayor detalle sobre las unidades organizacionales geogr\u00e1ficas como Grupos de Afinidad, <a href=\"https:\/\/mga.ieee.org\/resources-operations\/geographic-unit\/affinity-groups\" rel=\"noopener\" target=\"_blank\">visite ac\u00e1<\/a>).<\/p>\n<p>Los grupos de afinidad de IEEE son subunidades no t\u00e9cnicas de una o m\u00e1s Secciones (<a href=\"https:\/\/ieeechile.cl\" rel=\"noopener\" target=\"_blank\">IEEE Chile Centro<\/a> en nuestro caso).<\/p>\n<table>\n<tr>\n<th>Grupo de Afinidad<\/th>\n<th>Presidente<\/th>\n<th>Periodo<\/th>\n<th>Correo<\/th>\n<\/tr>\n<tr>\n<td><a href=\"https:\/\/ieeechile.cl\/dec0\/ieee-consultants-network-chile-centro\/\">Consultants Network Chile Centro<\/a><\/td>\n<td><a href=\"\" target=\"_blank\" rel=\"noopener\"><\/a><\/td>\n<td><\/td>\n<td>cn.centro@ieeechile.cl<\/td>\n<\/tr>\n<tr>\n<td><a href=\"https:\/\/ieeechile.cl\/dec0\/ieee-special-interest-group-on-humanitarian-technology-chile-centro\/\">Special Interest Group on Humanitarian Technology Chile Centro<\/a><\/td>\n<td><a href=\"#\" target=\"_blank\" rel=\"noopener\"><\/a><\/td>\n<td><\/td>\n<td>sight.centro@ieeechile.cl<\/td>\n<\/tr>\n<tr>\n<td><a href=\"https:\/\/ieeechile.cl\/dec0\/ieee-women-in-engineering-chile-centro\/\">Women in Engineering Chile Centro<\/a><\/td>\n<td><a href=\"https:\/\/www.linkedin.com\/in\/camilagomezm\/\" target=\"_blank\" rel=\"noopener\">Camila Gomez-Medina<\/a><\/td>\n<td>Mar. 2026 &#8211; Dic. 2027<\/td>\n<td>wie.centro@ieeechile.cl<\/td>\n<\/tr>\n<tr>\n<td><a href=\"https:\/\/ieeechile.cl\/dec0\/ieee-young-professionals-chile-centro\/\">Young Professionals Chile Centro<\/a><\/td>\n<td><a href=\"https:\/\/cl.linkedin.com\/in\/pablo-palacios-jativa\" target=\"_blank\" rel=\"noopener\">Pablo Palacios<\/a><\/td>\n<td>Ene. 2024 &#8211; May. 2026<\/td>\n<td>yp.centro@ieeechile.cl<\/td>\n<\/tr>\n<tr>\n<td><a href=\"https:\/\/ieeechile.cl\/dec0\/ieee-life-members-chile-centro\/\">Life Members Chile Centro<\/a><\/td>\n<td><a href=\"#\" target=\"_blank\" rel=\"noopener\"><\/a><\/td>\n<td><\/td>\n<td>life.centro@ieeechile.cl<\/td>\n<\/tr>\n<\/table>\n","protected":false},"excerpt":{"rendered":"<p>(Para mayor detalle sobre las unidades organizacionales geogr\u00e1ficas como Grupos de Afinidad, visite ac\u00e1). Los grupos de afinidad de IEEE son subunidades no t\u00e9cnicas de una o m\u00e1s Secciones (IEEE Chile Centro en nuestro caso). Grupo de Afinidad Presidente Periodo Correo Consultants Network Chile Centro cn.centro@ieeechile.cl Special Interest Group on Humanitarian Technology Chile Centro sight.centro@ieeechile.cl&hellip; <br \/> <a class=\"read-more\" href=\"https:\/\/ieeechile.cl\/dec0\/grupos-de-afinidad\/\">Leer m\u00e1s<\/a><\/p>\n","protected":false},"author":1,"featured_media":0,"parent":0,"menu_order":0,"comment_status":"closed","ping_status":"closed","template":"","meta":{"footnotes":""},"class_list":["post-31","page","type-page","status-publish","hentry"],"_links":{"self":[{"href":"https:\/\/ieeechile.cl\/dec0\/wp-json\/wp\/v2\/pages\/31","targetHints":{"allow":["GET"]}}],"collection":[{"href":"https:\/\/ieeechile.cl\/dec0\/wp-json\/wp\/v2\/pages"}],"about":[{"href":"https:\/\/ieeechile.cl\/dec0\/wp-json\/wp\/v2\/types\/page"}],"author":[{"embeddable":true,"href":"https:\/\/ieeechile.cl\/dec0\/wp-json\/wp\/v2\/users\/1"}],"replies":[{"embeddable":true,"href":"https:\/\/ieeechile.cl\/dec0\/wp-json\/wp\/v2\/comments?post=31"}],"version-history":[{"count":15,"href":"https:\/\/ieeechile.cl\/dec0\/wp-json\/wp\/v2\/pages\/31\/revisions"}],"predecessor-version":[{"id":658,"href":"https:\/\/ieeechile.cl\/dec0\/wp-json\/wp\/v2\/pages\/31\/revisions\/658"}],"wp:attachment":[{"href":"https:\/\/ieeechile.cl\/dec0\/wp-json\/wp\/v2\/media?parent=31"}],"curies":[{"name":"wp","href":"https:\/\/api.w.org\/{rel}","templated":true}]}}