{"id":304,"date":"2023-06-08T12:45:00","date_gmt":"2023-06-08T12:45:00","guid":{"rendered":"https:\/\/ieeechile.cl\/dec0\/?page_id=304"},"modified":"2023-06-08T12:45:00","modified_gmt":"2023-06-08T12:45:00","slug":"contacto","status":"publish","type":"page","link":"https:\/\/ieeechile.cl\/dec0\/contacto\/","title":{"rendered":"CONTACTO"},"content":{"rendered":"<p>Estamos atentos a las consultas o inquietudes que nos quiera transmitir y procuraremos responder a la brevedad posible.<\/p>\n<p>&nbsp;<\/p>\n<p>Para contactar al comit\u00e9 ejecutivo de IEEE Chile Centro, por favor escribir al correo <a href=\"mailto:excom.centro@ieeechile.cl\">excom.centro@ieeechile.cl<\/a><\/p>\n<p>Para contactar a la administraci\u00f3n de este sitio web, por favor escribir al correo <a href=\"mailto:webmaster@ieeechile.cl\">webmaster@ieeechile.cl<\/a><\/p>\n<p>&nbsp;<\/p>\n<p>Para casos espec\u00edficos, puede <a href=\"https:\/\/ieeechile.cl\/dec0\/comites\/\">revisar ac\u00e1 los comit\u00e9s<\/a> designados por el <a href=\"https:\/\/ieeechile.cl\/dec0\/directorio\/\">Directorio<\/a>,<\/p>\n","protected":false},"excerpt":{"rendered":"<p>Estamos atentos a las consultas o inquietudes que nos quiera transmitir y procuraremos responder a la brevedad posible. &nbsp; Para contactar al comit\u00e9 ejecutivo de IEEE Chile Centro, por favor escribir al correo excom.centro@ieeechile.cl Para contactar a la administraci\u00f3n de este sitio web, por favor escribir al correo webmaster@ieeechile.cl &nbsp; Para casos espec\u00edficos, puede revisar&hellip; <br \/> <a class=\"read-more\" href=\"https:\/\/ieeechile.cl\/dec0\/contacto\/\">Leer m\u00e1s<\/a><\/p>\n","protected":false},"author":1,"featured_media":0,"parent":0,"menu_order":0,"comment_status":"closed","ping_status":"closed","template":"","meta":{"footnotes":""},"class_list":["post-304","page","type-page","status-publish","hentry"],"_links":{"self":[{"href":"https:\/\/ieeechile.cl\/dec0\/wp-json\/wp\/v2\/pages\/304","targetHints":{"allow":["GET"]}}],"collection":[{"href":"https:\/\/ieeechile.cl\/dec0\/wp-json\/wp\/v2\/pages"}],"about":[{"href":"https:\/\/ieeechile.cl\/dec0\/wp-json\/wp\/v2\/types\/page"}],"author":[{"embeddable":true,"href":"https:\/\/ieeechile.cl\/dec0\/wp-json\/wp\/v2\/users\/1"}],"replies":[{"embeddable":true,"href":"https:\/\/ieeechile.cl\/dec0\/wp-json\/wp\/v2\/comments?post=304"}],"version-history":[{"count":1,"href":"https:\/\/ieeechile.cl\/dec0\/wp-json\/wp\/v2\/pages\/304\/revisions"}],"predecessor-version":[{"id":305,"href":"https:\/\/ieeechile.cl\/dec0\/wp-json\/wp\/v2\/pages\/304\/revisions\/305"}],"wp:attachment":[{"href":"https:\/\/ieeechile.cl\/dec0\/wp-json\/wp\/v2\/media?parent=304"}],"curies":[{"name":"wp","href":"https:\/\/api.w.org\/{rel}","templated":true}]}}