{"id":29,"date":"2023-04-15T18:20:04","date_gmt":"2023-04-15T18:20:04","guid":{"rendered":"https:\/\/ieeechile.cl\/dec0\/?page_id=29"},"modified":"2026-04-29T20:25:42","modified_gmt":"2026-04-29T20:25:42","slug":"capitulos","status":"publish","type":"page","link":"https:\/\/ieeechile.cl\/dec0\/capitulos\/","title":{"rendered":"CAP\u00cdTULOS"},"content":{"rendered":"<p>(Para mayor detalle sobre las unidades organizacionales geogr\u00e1ficas como Cap\u00edtulos T\u00e9cnicos, <a href=\"https:\/\/mga.ieee.org\/resources-operations\/geographic-unit\/chapters\" target=\"_blank\" rel=\"noopener\">visite ac\u00e1<\/a>).<\/p>\n<p>Los Cap\u00edtulos corresponden a unidades t\u00e9cnicas relacionadas a cierta Sociedad, otorgando representaci\u00f3n de dicha Sociedad en la zona geogr\u00e1fica donde se encuentra la Secci\u00f3n (<a href=\"https:\/\/ieeechile.cl\" target=\"_blank\" rel=\"noopener\">IEEE Chile Centro<\/a> en nuestro caso).<\/p>\n<table>\n<tbody>\n<tr>\n<th>Cap\u00edtulo T\u00e9cnico<\/th>\n<th>Presidente<\/th>\n<th>Periodo<\/th>\n<th>Correo<\/th>\n<\/tr>\n<tr>\n<td><a href=\"https:\/\/ieeechile.cl\/dec0\/ieee-computer-society-chile-centro\">Control Systems Society Chile Centro<\/a><\/td>\n<td><a href=\"https:\/\/cl.linkedin.com\/in\/karina-acosta-barbosa-20b08444\" target=\"_blank\" rel=\"noopener\">Karina Barbosa<\/a><\/td>\n<td>Mar. 2026 &#8211; Dic. 2027<\/td>\n<td>control.centro@ieeechile.cl<\/td>\n<\/tr>\n<tr>\n<td><a href=\"https:\/\/ieeechile.cl\/dec0\/ieee-computer-society-chile-centro\">Computer Society Chile Centro<\/a><\/td>\n<td><a href=\"https:\/\/www.linkedin.com\/in\/leonelmerino\/\" target=\"_blank\" rel=\"noopener\">Leonel Merino<\/a><\/td>\n<td>Mar. 2026 &#8211; Dic. 2027<\/td>\n<td>computer.centro@ieeechile.cl<\/td>\n<\/tr>\n<tr>\n<td><a href=\"https:\/\/ieeechile.cl\/dec0\/ieee-communications-society-chile-centro\/\">Communications Society Chile Centro<\/a><\/td>\n<td><a href=\"https:\/\/www.linkedin.com\/in\/mgutierrezgaitan\" target=\"_blank\" rel=\"noopener\">Miguel Guti\u00e9rrez<\/a><\/td>\n<td>Abr. 2025 &#8211; Dic. 2026<\/td>\n<td>comsoc.centro@ieeechile.cl<\/td>\n<\/tr>\n<tr>\n<td><a href=\"https:\/\/ieeechile.cl\/dec0\/ieee-engineering-in-medicine-and-biology-society-chile-centro\/\">Engineering in Medicine and Biology Society Chile Centro<\/a><\/td>\n<td><a href=\"https:\/\/www.linkedin.com\/in\/liliana-jorquera\/\" target=\"_blank\" rel=\"noopener\">Liliana Jorquera<\/a><\/td>\n<td>Mar. 2026 &#8211; Dic. 2027<\/td>\n<td>embs.centro@ieeechile.cl<\/td>\n<\/tr>\n<tr>\n<td><a href=\"#\">Power Electronics Society Chile Centro<\/a><\/td>\n<td><a href=\"https:\/\/cl.linkedin.com\/in\/freddy-flores-bahamonde-531b4774\" target=\"_blank\" rel=\"noopener\">Freddy Flores<\/a><\/td>\n<td>Abr. 2025 &#8211; Dic. 2026<\/td>\n<td>pels.centro@ieeechile.cl<\/td>\n<\/tr>\n<tr>\n<td><a href=\"https:\/\/ieeechile.cl\/dec0\/ieee-power-energy-society-chile-centro\/\">Power &amp; Energy Society Chile Centro<\/a><\/td>\n<td><a href=\"\" target=\"_blank\" rel=\"noopener\"><\/a><\/td>\n<td><\/td>\n<td>pes.centro@ieeechile.cl<\/td>\n<\/tr>\n<tr>\n<td><a href=\"https:\/\/ieeechile.cl\/dec0\/ieee-robotics-automation-society-chile-centro\/\">Robotics &amp; Automation Society Chile Centro<\/a><\/td>\n<td><a href=\"https:\/\/www.linkedin.com\/in\/stefan-e-641a361b4\/\" target=\"_blank\" rel=\"noopener\">Stefan Escaida<\/a><\/td>\n<td>Mar. 2026 &#8211; Dic. 2027<\/td>\n<td>ras.centro@ieeechile.cl<\/td>\n<\/tr>\n<tr>\n<td><a href=\"https:\/\/ieeechile.cl\/dec0\/ieee-systems-man-and-cybernetics-society-chile-centro\/\">Systems Man and Cybernetics Society Chile Centro<\/a><\/td>\n<td><a href=\"https:\/\/www.linkedin.com\/in\/eduardo-morales-cabello-78989155\" target=\"_blank\" rel=\"noopener\">Eduardo Morales<\/a><\/td>\n<td>Mar. 2026 &#8211; Dic. 2027<\/td>\n<td>smc.centro@ieeechile.cl<\/td>\n<\/tr>\n<\/tbody>\n<\/table>\n<p>Los cap\u00edtulos t\u00e9cnicos conjuntos son unidades organizacionales que pueden reunir a distintas sociedades, o a distintas Secciones (como <a href=\"https:\/\/ieeechile.cl\" target=\"_blank\" rel=\"noopener\">IEEE Chile Centro<\/a> o <a href=\"https:\/\/site.ieee.org\/chilesur\/\" target=\"_blank\" rel=\"noopener\">IEEE Chile Sur<\/a>).<\/p>\n<p>A continuaci\u00f3n se listan los cap\u00edtulos conjuntos en los que <a href=\"https:\/\/ieeechile.cl\">IEEE Chile Centro<\/a> participa.<\/p>\n<table>\n<tbody>\n<tr>\n<th>Cap\u00edtulo T\u00e9cnico<\/th>\n<th>Presidente<\/th>\n<th>Periodo<\/th>\n<th>Correo<\/th>\n<\/tr>\n<tr>\n<td><a href=\"#\">Antennas and Propagation Society \/ Microwave Theory and Technology Society Chile Centro<\/a><\/td>\n<td><a href=\"https:\/\/cl.linkedin.com\/in\/francisco-pizarro-a7634a1a7\" target=\"_blank\" rel=\"noopener\">Francisco Pizarro<\/a><\/td>\n<td>May. 2024 &#8211; May. 2026<\/td>\n<td>aps.centro@ieeechile.cl \/ mtts.centro@ieeechile.cl<\/td>\n<\/tr>\n<tr>\n<td><a href=\"https:\/\/ieeechile.cl\/dec0\/ieee-chile-centro-jt-chapter-circuits-and-systems-society-solid-state-circuits-society-electron-devices-society\/\">Circuits and Systems Society \/ Solid-State Circuits Society \/ Electron Devices Society<\/a><\/td>\n<td><a href=\"https:\/\/cl.linkedin.com\/in\/jorge-mar%C3%ADn-a1258417\" target=\"_blank\" rel=\"noopener\">Jorge Mar\u00edn<\/a><\/td>\n<td>Mar. 2026 &#8211; Dic. 2027<\/td>\n<td>cas@ieeechile.cl<\/td>\n<\/tr>\n<tr>\n<td><a href=\"https:\/\/ieeechile.cl\/dec0\/ieee-chile-centro-chile-sur-jt-chapter-computational-intelligence-society\/\">Computational Intelligence Society<\/a><\/td>\n<td><a href=\"https:\/\/www.linkedin.com\/in\/carla-vairetti\" target=\"_blank\" rel=\"noopener\">Jos\u00e9 Delpiano<\/a><\/td>\n<td>Mar. 2025 &#8211; Mar. 2027<\/td>\n<td>cis@ieeechile.cl<\/td>\n<\/tr>\n<tr>\n<td><a href=\"https:\/\/ieeechile.cl\/dec0\/ieee-chile-centro-chile-sur-jt-chapter-geoscience-and-remote-sensing-society\/\">Geoscience and Remote Sensing Society<\/a><\/td>\n<td><a href=\"\" target=\"_blank\" rel=\"noopener\"><\/a><\/td>\n<td><\/td>\n<td>grss@ieeechile.cl<\/td>\n<\/tr>\n<tr>\n<td><a href=\"https:\/\/ieeechile.cl\/dec0\/ieee-industry-applications-society-chile-centro\/\">Industrial Electronics Society \/ Industry Applications Society Chile Centro<\/a><\/td>\n<td><a href=\"https:\/\/cl.linkedin.com\/in\/luca-tarisciotti-92ab3228\" target=\"_blank\" rel=\"noopener\">Luca Tarisciotti<\/a><\/td>\n<td>Abr. 2025 &#8211; Dic. 2026<\/td>\n<td>ies.centro@ieeechile.cl \/ ias.centro@ieeechile.cl<\/td>\n<\/tr>\n<\/tbody>\n<\/table>\n","protected":false},"excerpt":{"rendered":"<p>(Para mayor detalle sobre las unidades organizacionales geogr\u00e1ficas como Cap\u00edtulos T\u00e9cnicos, visite ac\u00e1). Los Cap\u00edtulos corresponden a unidades t\u00e9cnicas relacionadas a cierta Sociedad, otorgando representaci\u00f3n de dicha Sociedad en la zona geogr\u00e1fica donde se encuentra la Secci\u00f3n (IEEE Chile Centro en nuestro caso). Cap\u00edtulo T\u00e9cnico Presidente Periodo Correo Control Systems Society Chile Centro Karina Barbosa&hellip; <br \/> <a class=\"read-more\" href=\"https:\/\/ieeechile.cl\/dec0\/capitulos\/\">Leer m\u00e1s<\/a><\/p>\n","protected":false},"author":1,"featured_media":0,"parent":0,"menu_order":0,"comment_status":"closed","ping_status":"closed","template":"","meta":{"footnotes":""},"class_list":["post-29","page","type-page","status-publish","hentry"],"_links":{"self":[{"href":"https:\/\/ieeechile.cl\/dec0\/wp-json\/wp\/v2\/pages\/29","targetHints":{"allow":["GET"]}}],"collection":[{"href":"https:\/\/ieeechile.cl\/dec0\/wp-json\/wp\/v2\/pages"}],"about":[{"href":"https:\/\/ieeechile.cl\/dec0\/wp-json\/wp\/v2\/types\/page"}],"author":[{"embeddable":true,"href":"https:\/\/ieeechile.cl\/dec0\/wp-json\/wp\/v2\/users\/1"}],"replies":[{"embeddable":true,"href":"https:\/\/ieeechile.cl\/dec0\/wp-json\/wp\/v2\/comments?post=29"}],"version-history":[{"count":27,"href":"https:\/\/ieeechile.cl\/dec0\/wp-json\/wp\/v2\/pages\/29\/revisions"}],"predecessor-version":[{"id":667,"href":"https:\/\/ieeechile.cl\/dec0\/wp-json\/wp\/v2\/pages\/29\/revisions\/667"}],"wp:attachment":[{"href":"https:\/\/ieeechile.cl\/dec0\/wp-json\/wp\/v2\/media?parent=29"}],"curies":[{"name":"wp","href":"https:\/\/api.w.org\/{rel}","templated":true}]}}