{"id":22,"date":"2023-04-15T18:18:26","date_gmt":"2023-04-15T18:18:26","guid":{"rendered":"https:\/\/ieeechile.cl\/dec0\/?page_id=22"},"modified":"2026-04-29T16:18:51","modified_gmt":"2026-04-29T16:18:51","slug":"directorio","status":"publish","type":"page","link":"https:\/\/ieeechile.cl\/dec0\/directorio\/","title":{"rendered":"DIRECTORIO"},"content":{"rendered":"<h2 style=\"text-align: center;\"><span style=\"color: #cc6600;\"><strong>Periodo 2025-2026<\/strong><\/span><\/h2>\n<p>&nbsp;<\/p>\n<p><!---\n\n\n<h3 style=\"text-align: center;\"><img loading=\"lazy\" decoding=\"async\" class=\"alignnone size-full wp-image-4077\" title=\"Dr. H\u00e9ctor Kaschel\" src=\"https:\/\/ieeechile.cl\/dec0\/wp-content\/uploads\/2023\/04\/Hector_Kaschel_Redondo.png\" alt=\"\" width=\"160\" height=\"160\" \/><\/h3>\n\n\n\n\n<h3 style=\"text-align: center;\"><strong><span style=\"color: #035b98;\"><span data-mce-type=\"bookmark\" style=\"display: inline-block; width: 0px; overflow: hidden; line-height: 0;\" class=\"mce_SELRES_start\"><\/span>H\u00e9ctor Kaschel<span data-mce-type=\"bookmark\" style=\"display: inline-block; width: 0px; overflow: hidden; line-height: 0;\" class=\"mce_SELRES_start\"><\/span><\/span><\/strong><\/h3>\n\n\n---><\/p>\n<p><!---Conference Committee Members---><\/p>\n<div id=\"directorio\" class=\"features-16 content-section content-section-spacing\" style=\"background-color: #ffffff; background-image: none;\" data-label=\"Organiz-rs\" data-id=\"features--1\" data-export-id=\"features-16\" data-category=\"features\">\n<div class=\"gridContainer\">\n<div class=\"row spaced-cols center-sm\" data-type=\"row\">\n<div class=\"col-xs-6 col-sm-4 col-md-2\"><a href=\"https:\/\/www.linkedin.com\/in\/miguel-solis\" target=\"_blank\" rel=\"noopener\"><img loading=\"lazy\" decoding=\"async\" class=\"alignnone size-full wp-image-3650\" title=\"Miguel Sol\u00eds\" src=\"https:\/\/ieeechile.cl\/dec0\/wp-content\/uploads\/2023\/04\/Miguel_Solis_Redondo.png\" alt=\"\" width=\"160\" height=\"160\" \/><span style=\"color: black;\"><strong>Miguel Sol\u00eds<\/strong><br \/>\nPresidente<\/span><\/a><\/div>\n<div class=\"col-xs-6 col-sm-4 col-md-2\"><a href=\"https:\/\/www.linkedin.com\/in\/hector-kaschel-160b5368\" target=\"_blank\" rel=\"noopener\"><img loading=\"lazy\" decoding=\"async\" class=\"alignnone size-full wp-image-3649\" title=\"H\u00e9ctor Kaschel\" src=\"https:\/\/ieeechile.cl\/dec0\/wp-content\/uploads\/2023\/04\/Hector_Kaschel_Redondo.png\" alt=\"\" width=\"160\" height=\"160\" \/><span style=\"color: black;\"><strong>H\u00e9ctor Kaschel<\/strong><br \/>\nVice Presidente<\/span><\/a><\/div>\n<div class=\"col-xs-6 col-sm-4 col-md-2\"><a href=\"https:\/\/www.linkedin.com\/in\/mgutierrezgaitan\" target=\"_blank\" rel=\"noopener\"><img loading=\"lazy\" decoding=\"async\" class=\"alignnone size-full wp-image-3650\" title=\"Miguel Guti\u00e9rrez\" src=\"https:\/\/ieeechile.cl\/dec0\/wp-content\/uploads\/2025\/08\/miguelgutierrez-modified.png\" alt=\"\" width=\"160\" height=\"160\" \/><span style=\"color: black;\"><strong>Miguel Guti\u00e9rrez<\/strong><br \/>\nTesorero<\/span><\/a><\/div>\n<div class=\"col-xs-6 col-sm-4 col-md-2\"><a href=\"https:\/\/www.linkedin.com\/in\/kaivscsi\/\" target=\"_blank\" rel=\"noopener\"><img loading=\"lazy\" decoding=\"async\" class=\"alignnone size-full wp-image-3650\" title=\"Karla Schr\u00f6der\" src=\"https:\/\/ieeechile.cl\/dec0\/wp-content\/uploads\/2025\/01\/kschroder.png\" alt=\"\" width=\"160\" height=\"160\" \/><span style=\"color: black;\"><strong>Karla Schr\u00f6der<\/strong><br \/>\nSecretaria<\/span><\/a><\/div>\n<p>&nbsp;<\/p>\n<div class=\"col-xs-6 col-sm-4 col-md-2\"><a href=\"https:\/\/www.linkedin.com\/in\/danny-esp%C3%ADn-3406a412b\" target=\"_blank\" rel=\"noopener\"><img loading=\"lazy\" decoding=\"async\" class=\"alignnone size-full wp-image-3650\" title=\"Danny Esp\u00edn\" src=\"https:\/\/ieeechile.cl\/dec0\/wp-content\/uploads\/2023\/04\/Danny_Espin_Redondo.png\" alt=\"\" width=\"160\" height=\"160\" \/><span style=\"color: black;\"><strong>Danny Esp\u00edn<\/strong><br \/>\nDirector<\/span><\/a><\/div>\n<div class=\"col-xs-6 col-sm-4 col-md-2\"><a href=\"https:\/\/www.linkedin.com\/in\/jaime-peralta-42338117\" target=\"_blank\" rel=\"noopener\"><img loading=\"lazy\" decoding=\"async\" class=\"alignnone size-full wp-image-3650\" title=\"Jaime Peralta\" src=\"https:\/\/ieeechile.cl\/dec0\/wp-content\/uploads\/2025\/01\/jperalta.png\" alt=\"\" width=\"160\" height=\"160\" \/><span style=\"color: black;\"><strong>Jaime Peralta<\/strong><br \/>\nDirector<\/span><\/a><\/div>\n<div class=\"col-xs-6 col-sm-4 col-md-2\"><a href=\"https:\/\/www.linkedin.com\/in\/antoniorienzo\" target=\"_blank\" rel=\"noopener\"><img loading=\"lazy\" decoding=\"async\" class=\"alignnone size-full wp-image-3650\" title=\"Antonio Rienzo\" src=\"https:\/\/ieeechile.cl\/dec0\/wp-content\/uploads\/2025\/01\/foto_arienzo.png\" alt=\"\" width=\"160\" height=\"160\" \/><span style=\"color: black;\"><strong>Antonio Rienzo<\/strong><br \/>\nDirector<\/span><\/a><\/div>\n<p><!---\n\n\n<div class=\"col-xs-6 col-sm-4 col-md-2\"><img loading=\"lazy\" decoding=\"async\" class=\"alignnone size-full wp-image-3650\" title=\"Sandra Cano\" src=\"https:\/\/ieeechile.cl\/dec0\/wp-content\/uploads\/2023\/04\/Sandra_Cano_Redonda.png\" alt=\"\" width=\"160\" height=\"160\" \/><span style=\"color: black;\"><strong>Sandra Cano<\/strong><\/span><\/div>\n\n\n\n\n<div class=\"col-xs-6 col-sm-4 col-md-2\"><img loading=\"lazy\" decoding=\"async\" class=\"alignnone size-full wp-image-3650\" title=\"Gast\u00f3n Lefranc\" src=\"https:\/\/ieeechile.cl\/dec0\/wp-content\/uploads\/2023\/04\/Gaston_Lefranc_Redondo.png\" alt=\"\" width=\"160\" height=\"160\" \/><span style=\"color: black;\"><strong>Gast\u00f3n Lefranc<\/strong><\/span><\/div>\n\n\n\n\n<div class=\"col-xs-6 col-sm-4 col-md-2\"><img loading=\"lazy\" decoding=\"async\" class=\"alignnone size-full wp-image-3650\" title=\"Ginno Mill\u00e1n\" src=\"https:\/\/ieeechile.cl\/dec0\/wp-content\/uploads\/2023\/04\/Ginno_Millan_Redondo.png\" alt=\"\" width=\"160\" height=\"160\" \/><span style=\"color: black;\"><strong>Ginno Mill\u00e1n<\/strong><\/span><\/div>\n\n\n\n\n<div class=\"col-xs-6 col-sm-4 col-md-2\"><img loading=\"lazy\" decoding=\"async\" class=\"alignnone size-full wp-image-3650\" title=\"Diego Dujovne\" src=\"https:\/\/ieeechile.cl\/dec0\/wp-content\/uploads\/2023\/04\/Diego_Dujovne_Redondo.png\" alt=\"\" width=\"160\" height=\"160\" \/><span style=\"color: black;\"><strong>Diego Dujovne<\/strong><\/span><\/div>\n\n\n\n\n<div class=\"col-xs-6 col-sm-4 col-md-2\"><img loading=\"lazy\" decoding=\"async\" class=\"alignnone size-full wp-image-3650\" title=\"Leopoldo Pavesi\" src=\"https:\/\/ieeechile.cl\/dec0\/wp-content\/uploads\/2023\/04\/Leopoldo_Pavesi_Redondo.png\" alt=\"\" width=\"160\" height=\"160\" \/><span style=\"color: black;\"><strong>Leopoldo Pavesi<\/strong><\/span><\/div>\n\n\n---><\/p>\n<\/div>\n<table>\n<tbody>\n<tr>\n<th>Comit\u00e9<\/th>\n<th>Integrantes<\/th>\n<\/tr>\n<tr>\n<td>Actividades Educacionales<\/td>\n<td><a href=\"https:\/\/www.linkedin.com\/in\/sancano\" target=\"_blank\" rel=\"noopener\">Sandra Cano<\/a> <!--- , <a href=\"https:\/\/www.linkedin.com\/in\/leopoldo-pavesi-8749b212\" target=\"_blank\" rel=\"noopener\">Leopoldo Pavesi<\/a> --->\n<\/td>\n<\/tr>\n<tr>\n<td>Actividades Estudiantiles<\/td>\n<td><a href=\"https:\/\/www.linkedin.com\/in\/pablo-astudillo-figueroa\" target=\"_blank\" rel=\"noopener\">Pablo Astudillo<\/a>,<a href=\"https:\/\/www.linkedin.com\/in\/danny-esp%C3%ADn-3406a412b\" target=\"_blank\" rel=\"noopener\">Danny Esp\u00edn<\/a><\/td>\n<\/tr>\n<p><!---\n\n\n<tr>\n\n\n<td>Actividades T\u00e9cnicas<\/td>\n\n\n\n\n<td><a href=\"https:\/\/www.linkedin.com\/in\/gaston-lefranc-b12aa867\" target=\"_blank\" rel=\"noopener\">Gast\u00f3n Lefranc<\/a>, <a href=\"https:\/\/www.linkedin.com\/in\/ksuchan\" target=\"_blank\" rel=\"noopener\">Karol Suchan<\/a><\/td>\n\n\n<\/tr>\n\n\n\n\n<tr>\n\n\n<td>Desarrollo de la Innovaci\u00f3n<\/td>\n\n\n\n\n<td><a href=\"https:\/\/www.linkedin.com\/in\/rodrigo-palma-37b67753\" target=\"_blank\" rel=\"noopener\">Rodrigo Palma<\/a><\/td>\n\n\n<\/tr>\n\n\n\n\n<tr>\n\n\n<td>Desarrollo de Membres\u00edas<\/td>\n\n\n\n\n<td><a href=\"https:\/\/www.linkedin.com\/in\/ksuchan\" target=\"_blank\" rel=\"noopener\">Karol Suchan<\/a>, <a href=\"https:\/\/www.linkedin.com\/in\/bastian-osorio-campos\/\">Basti\u00e1n Osorio<\/a><\/td>\n\n\n\n\n<td>membership@ieeechile.cl<\/td>\n\n\n<\/tr>\n\n\n\n\n<tr>\n\n\n<td>Elecciones<\/td>\n\n\n\n\n<td><a href=\"https:\/\/cl.linkedin.com\/in\/roberto-larenas-ulloa-00097728\">Roberto Larenas<\/a>, <a href=\"https:\/\/www.linkedin.com\/in\/oswaldo-menendez-8625abb4\">Oswaldo Men\u00e9ndez<\/a>, <a href=\"https:\/\/www.linkedin.com\/in\/steven-nazareno-arroyo-41a747134\/\" target=\"_blank\" rel=\"noopener\">Steven Nazareno<\/a>(R9 representative)<\/td>\n\n\n\n\n<td>elections@ieeechile.cl<\/td>\n\n\n<\/tr>\n\n\n<!---\n\n\n<tr>\n\n\n<td>Estatutos<\/td>\n\n\n\n\n<td><a href=\"https:\/\/www.linkedin.com\/in\/gaston-lefranc-b12aa867\" target=\"_blank\" rel=\"noopener\">Gast\u00f3n Lefranc<\/a><\/td>\n\n\n<\/tr>\n\n\n\n\n<tr>\n\n\n<td>Estrategia<\/td>\n\n\n\n\n<td><a href=\"https:\/\/www.linkedin.com\/in\/jos%C3%A9-miranda-guzm%C3%A1n-9285731b9\" target=\"_blank\" rel=\"noopener\">Jos\u00e9 Miranda<\/a>, <a href=\"https:\/\/www.linkedin.com\/in\/miguel-solis\" target=\"_blank\" rel=\"noopener\">Miguel Sol\u00eds<\/a>, <a href=\"https:\/\/www.linkedin.com\/in\/ksuchan\" target=\"_blank\" rel=\"noopener\">Karol Suchan<\/a><\/td>\n\n\n<\/tr>\n\n ---><\/p>\n<tr>\n<td>Gesti\u00f3n de Informaci\u00f3n<\/td>\n<td><a href=\"https:\/\/www.linkedin.com\/in\/ibuguenoc\" target=\"_blank\" rel=\"noopener\">Ignacio Bugue\u00f1o<\/a>, <a href=\"https:\/\/www.linkedin.com\/in\/javierretamal\/\">Javier Retamal<\/td>\n<td>webmaster@ieeechile.cl<\/td>\n<\/tr>\n<tr>\n<td>Premios y Reconocimientos<\/td>\n<td><a href=\"https:\/\/www.linkedin.com\/in\/antoniorienzo\" target=\"_blank\" rel=\"noopener\">Antonio Rienzo<\/a><\/td>\n<\/tr>\n<tr>\n<td>Relaciones Industriales<\/td>\n<td><a href=\"https:\/\/www.linkedin.com\/in\/ramon-espinosa-a7a03970\" target=\"_blank\" rel=\"noopener\">Ram\u00f3n Espinosa<\/a>, <a href=\"https:\/\/www.linkedin.com\/in\/victor-grimblatt\" target=\"_blank\" rel=\"noopener\">V\u00edctor Grimblatt<\/a><\/td>\n<\/tr>\n<\/tbody>\n<\/table>\n<\/div>\n<\/div>\n","protected":false},"excerpt":{"rendered":"<p>Periodo 2025-2026 &nbsp; Miguel Sol\u00eds Presidente H\u00e9ctor Kaschel Vice Presidente Miguel Guti\u00e9rrez Tesorero Karla Schr\u00f6der Secretaria &nbsp; Danny Esp\u00edn Director Jaime Peralta Director Antonio Rienzo Director Comit\u00e9 Integrantes Actividades Educacionales Sandra Cano Actividades Estudiantiles Pablo Astudillo,Danny Esp\u00edn Gesti\u00f3n de Informaci\u00f3n Ignacio Bugue\u00f1o, Javier Retamal webmaster@ieeechile.cl Premios y Reconocimientos Antonio Rienzo Relaciones Industriales Ram\u00f3n Espinosa, V\u00edctor&hellip; <br \/> <a class=\"read-more\" href=\"https:\/\/ieeechile.cl\/dec0\/directorio\/\">Leer m\u00e1s<\/a><\/p>\n","protected":false},"author":1,"featured_media":0,"parent":0,"menu_order":0,"comment_status":"closed","ping_status":"closed","template":"","meta":{"footnotes":""},"class_list":["post-22","page","type-page","status-publish","hentry"],"_links":{"self":[{"href":"https:\/\/ieeechile.cl\/dec0\/wp-json\/wp\/v2\/pages\/22","targetHints":{"allow":["GET"]}}],"collection":[{"href":"https:\/\/ieeechile.cl\/dec0\/wp-json\/wp\/v2\/pages"}],"about":[{"href":"https:\/\/ieeechile.cl\/dec0\/wp-json\/wp\/v2\/types\/page"}],"author":[{"embeddable":true,"href":"https:\/\/ieeechile.cl\/dec0\/wp-json\/wp\/v2\/users\/1"}],"replies":[{"embeddable":true,"href":"https:\/\/ieeechile.cl\/dec0\/wp-json\/wp\/v2\/comments?post=22"}],"version-history":[{"count":18,"href":"https:\/\/ieeechile.cl\/dec0\/wp-json\/wp\/v2\/pages\/22\/revisions"}],"predecessor-version":[{"id":636,"href":"https:\/\/ieeechile.cl\/dec0\/wp-json\/wp\/v2\/pages\/22\/revisions\/636"}],"wp:attachment":[{"href":"https:\/\/ieeechile.cl\/dec0\/wp-json\/wp\/v2\/media?parent=22"}],"curies":[{"name":"wp","href":"https:\/\/api.w.org\/{rel}","templated":true}]}}