{"id":20,"date":"2023-04-15T18:18:17","date_gmt":"2023-04-15T18:18:17","guid":{"rendered":"https:\/\/ieeechile.cl\/dec0\/?page_id=20"},"modified":"2023-04-16T00:30:58","modified_gmt":"2023-04-16T00:30:58","slug":"quienes-somos","status":"publish","type":"page","link":"https:\/\/ieeechile.cl\/dec0\/quienes-somos\/","title":{"rendered":"QUIENES SOMOS"},"content":{"rendered":"<p style=\"text-align: justify;\"><span style=\"color: black;\">El Instituto de Ingenieros El\u00e9ctricos y Electr\u00f3nicos <strong><a style=\"text-decoration: none;\" title=\"IEEE\" href=\"https:\/\/ieee.org\/\" target=\"_blank\" rel=\"noopener\">IEEE <\/a><\/strong>(<strong>Institute of Electrical and Electronics Engineers<\/strong>), es la mayor organizaci\u00f3n profesional t\u00e9cnica del mundo que agrupa cient\u00edficos, ingenieros, t\u00e9cnicos, tecn\u00f3logos, profesionales y estudiantes que se dedican al avance y desarrollo en innovaci\u00f3n tecnol\u00f3gica y a la excelencia en beneficio de la humanidad sin \u00e1nimos ni fines de lucro.<\/span><\/p>\n<p style=\"text-align: justify;\"><span style=\"color: black;\">La fundaci\u00f3n de <strong><a style=\"text-decoration: none;\" title=\"IEEE\" href=\"https:\/\/ieee.org\/\" target=\"_blank\" rel=\"noopener\">IEEE<\/a><\/strong> data del 1\u00b0 de enero de 1963 con la fusi\u00f3n de dos organizaciones, <em>American Institute of Electrical Engineers<\/em> (AIEE), fundada en 1884 por Thomas Alva Edison y Alexander Graham Bell, entre otros, y el <em>Institute of Radio Engineers<\/em> (IRE), fundada en 1912 por Alfred Norton Goldsmith. Es as\u00ed, que dada su naturaleza, las actividades iniciales del IEEE cubr\u00edan temas relacionados espec\u00edficamente con la Ingenier\u00eda El\u00e9ctrica y Telecomunicaciones. Sin embargo, en la actualidad, el <strong><a style=\"text-decoration: none;\" title=\"IEEE\" href=\"https:\/\/ieee.org\/\" target=\"_blank\" rel=\"noopener\">IEEE<\/a><\/strong> cubre un abanico tecnol\u00f3gico ampliado a las necesidades de un mundo en desarrollo que va desde la nanotecnolog\u00eda, hasta la ingenier\u00eda oce\u00e1nica, pasando por bioingenier\u00eda, rob\u00f3tica, fot\u00f3nica, procesamiento de se\u00f1ales y ciencias de la computaci\u00f3n, por citar unas algunas de sus \u00e1reas.<\/span><\/p>\n<p style=\"text-align: justify;\"><span style=\"color: black;\">Una organizaci\u00f3n de estas dimensiones dispone de una estructura jer\u00e1rquica que fomenta la colaboraci\u00f3n local entre sus miembros de esta manera, a nivel geogr\u00e1fico, <strong><a style=\"text-decoration: none;\" title=\"IEEE\" href=\"https:\/\/ieee.org\/\" target=\"_blank\" rel=\"noopener\">IEEE<\/a><\/strong> se divide en 10 regiones con 334 secciones repartidas por el mundo. La <strong><a style=\"text-decoration: none;\" title=\"IEEE Secci\u00f3n Chile Centro\" href=\"https:\/\/ieeechile.cl\/\" target=\"_blank\" rel=\"noopener\">Secci\u00f3n IEEE Chile Centro<\/a><\/strong> pertenece a la <strong><a style=\"text-decoration: none;\" title=\"Regi\u00f3n 9: Latinoam\u00e9rica y el Caribe\" href=\"https:\/\/r9.ieee.org\/\" target=\"_blank\" rel=\"noopener\">Regi\u00f3n 9<\/a><\/strong>, la cual comprende Latinoam\u00e9rica y el Caribe.<\/span><\/p>\n","protected":false},"excerpt":{"rendered":"<p>El Instituto de Ingenieros El\u00e9ctricos y Electr\u00f3nicos IEEE (Institute of Electrical and Electronics Engineers), es la mayor organizaci\u00f3n profesional t\u00e9cnica del mundo que agrupa cient\u00edficos, ingenieros, t\u00e9cnicos, tecn\u00f3logos, profesionales y estudiantes que se dedican al avance y desarrollo en innovaci\u00f3n tecnol\u00f3gica y a la excelencia en beneficio de la humanidad sin \u00e1nimos ni fines de&hellip; <br \/> <a class=\"read-more\" href=\"https:\/\/ieeechile.cl\/dec0\/quienes-somos\/\">Leer m\u00e1s<\/a><\/p>\n","protected":false},"author":1,"featured_media":0,"parent":0,"menu_order":0,"comment_status":"closed","ping_status":"closed","template":"","meta":{"footnotes":""},"class_list":["post-20","page","type-page","status-publish","hentry"],"_links":{"self":[{"href":"https:\/\/ieeechile.cl\/dec0\/wp-json\/wp\/v2\/pages\/20","targetHints":{"allow":["GET"]}}],"collection":[{"href":"https:\/\/ieeechile.cl\/dec0\/wp-json\/wp\/v2\/pages"}],"about":[{"href":"https:\/\/ieeechile.cl\/dec0\/wp-json\/wp\/v2\/types\/page"}],"author":[{"embeddable":true,"href":"https:\/\/ieeechile.cl\/dec0\/wp-json\/wp\/v2\/users\/1"}],"replies":[{"embeddable":true,"href":"https:\/\/ieeechile.cl\/dec0\/wp-json\/wp\/v2\/comments?post=20"}],"version-history":[{"count":10,"href":"https:\/\/ieeechile.cl\/dec0\/wp-json\/wp\/v2\/pages\/20\/revisions"}],"predecessor-version":[{"id":94,"href":"https:\/\/ieeechile.cl\/dec0\/wp-json\/wp\/v2\/pages\/20\/revisions\/94"}],"wp:attachment":[{"href":"https:\/\/ieeechile.cl\/dec0\/wp-json\/wp\/v2\/media?parent=20"}],"curies":[{"name":"wp","href":"https:\/\/api.w.org\/{rel}","templated":true}]}}