{"id":170,"date":"2023-05-31T01:54:26","date_gmt":"2023-05-31T01:54:26","guid":{"rendered":"https:\/\/ieeechile.cl\/dec0\/?page_id=170"},"modified":"2026-04-29T16:16:56","modified_gmt":"2026-04-29T16:16:56","slug":"comites","status":"publish","type":"page","link":"https:\/\/ieeechile.cl\/dec0\/comites\/","title":{"rendered":"COMIT\u00c9S"},"content":{"rendered":"<table>\n<tbody>\n<tr>\n<th>Comit\u00e9<\/th>\n<th>Integrantes<\/th>\n<th>Correo<\/th>\n<\/tr>\n<tr>\n<td>Actividades Educacionales<\/td>\n<td><a href=\"https:\/\/www.linkedin.com\/in\/sancano\" target=\"_blank\" rel=\"noopener\">Sandra Cano<\/a> <!---\n, <a href=\"https:\/\/www.linkedin.com\/in\/leopoldo-pavesi-8749b212\" target=\"_blank\" rel=\"noopener\">Leopoldo Pavesi<\/a> --->\n<\/td>\n<td>educations.board@ieeechile.cl<\/td>\n<\/tr>\n<tr>\n<td>Actividades Estudiantiles<\/td>\n<td><a href=\"https:\/\/www.linkedin.com\/in\/pablo-astudillo-figueroa\" target=\"_blank\" rel=\"noopener\">Pablo Astudillo<\/a>,<a href=\"https:\/\/www.linkedin.com\/in\/danny-esp%C3%ADn-3406a412b\" target=\"_blank\" rel=\"noopener\">Danny Esp\u00edn<\/a><\/td>\n<\/tr>\n<p> <!---\n\n\n<tr>\n\n\n<td>Actividades T\u00e9cnicas<\/td>\n\n\n\n\n<td><a href=\"https:\/\/www.linkedin.com\/in\/gaston-lefranc-b12aa867\" target=\"_blank\" rel=\"noopener\">Gast\u00f3n Lefranc<\/a>, <a href=\"https:\/\/www.linkedin.com\/in\/ksuchan\" target=\"_blank\" rel=\"noopener\">Karol Suchan<\/a><\/td>\n\n\n\n\n<td>tac@ieeechile.cl<\/td>\n\n\n<\/tr>\n\n\n\n\n<tr>\n\n\n<td>Desarrollo de la Innovaci\u00f3n<\/td>\n\n\n\n\n<td><a href=\"https:\/\/www.linkedin.com\/in\/rodrigo-palma-37b67753\" target=\"_blank\" rel=\"noopener\">Rodrigo Palma<\/a><\/td>\n\n\n\n\n<td>innovation@ieeechile.cl<\/td>\n\n\n<\/tr>\n\n <a href=\"https:\/\/www.linkedin.com\/in\/diegodujovne\" target=\"_blank\" rel=\"noopener\">Diego Dujovne<\/a>,  ---><\/p>\n<tr>\n<td>Desarrollo de Membres\u00edas<\/td>\n<td><a href=\"https:\/\/www.linkedin.com\/in\/ksuchan\" target=\"_blank\" rel=\"noopener\">Karol Suchan<\/a>, <a href=\"https:\/\/www.linkedin.com\/in\/bastian-osorio-campos\/\">Basti\u00e1n Osorio<\/a><\/td>\n<td>membership@ieeechile.cl<\/td>\n<\/tr>\n<tr>\n<td>Elecciones<\/td>\n<td><a href=\"https:\/\/cl.linkedin.com\/in\/roberto-larenas-ulloa-00097728\">Roberto Larenas<\/a>, <a href=\"https:\/\/www.linkedin.com\/in\/oswaldo-menendez-8625abb4\">Oswaldo Men\u00e9ndez<\/a>, <a href=\"https:\/\/www.linkedin.com\/in\/steven-nazareno-arroyo-41a747134\/\" target=\"_blank\" rel=\"noopener\">Steven Nazareno<\/a>(R9 representative)<\/td>\n<td>elections@ieeechile.cl<\/td>\n<\/tr>\n<p> <!---\n\n\n<tr>\n\n\n<td>Estatutos<\/td>\n\n\n\n\n<td><a href=\"https:\/\/www.linkedin.com\/in\/gaston-lefranc-b12aa867\" target=\"_blank\" rel=\"noopener\">Gast\u00f3n Lefranc<\/a><\/td>\n\n\n\n\n<td>bylaws.centro@ieeechile.cl<\/td>\n\n\n<\/tr>\n\n\n\n\n<tr>\n\n\n<td>Estrategia<\/td>\n\n\n\n\n<td><a href=\"https:\/\/www.linkedin.com\/in\/jos%C3%A9-miranda-guzm%C3%A1n-9285731b9\" target=\"_blank\" rel=\"noopener\">Jos\u00e9 Miranda<\/a>, <a href=\"https:\/\/www.linkedin.com\/in\/miguel-solis\" target=\"_blank\" rel=\"noopener\">Miguel Sol\u00eds<\/a>, <a href=\"https:\/\/www.linkedin.com\/in\/ksuchan\" target=\"_blank\" rel=\"noopener\">Karol Suchan<\/a><\/td>\n\n\n\n\n<td>strategy@ieeechile.cl<\/td>\n\n\n<\/tr>\n\n ---><\/p>\n<tr>\n<td>Gesti\u00f3n de Informaci\u00f3n<\/td>\n<td><a href=\"https:\/\/www.linkedin.com\/in\/ibuguenoc\" target=\"_blank\" rel=\"noopener\">Ignacio Bugue\u00f1o<\/a>, <a href=\"https:\/\/www.linkedin.com\/in\/javierretamal\/\">Javier Retamal<\/td>\n<td>webmaster@ieeechile.cl<\/td>\n<\/tr>\n<tr>\n<td>Premios y Reconocimientos<\/td>\n<td><a href=\"https:\/\/www.linkedin.com\/in\/antoniorienzo\" target=\"_blank\" rel=\"noopener\">Antonio Rienzo<\/a><\/td>\n<td>arc.centro@ieeechile.cl<\/td>\n<\/tr>\n<tr>\n<td>Relaciones Industriales<\/td>\n<td><a href=\"https:\/\/www.linkedin.com\/in\/ramon-espinosa-a7a03970\" target=\"_blank\" rel=\"noopener\">Ram\u00f3n Espinosa<\/a>, <a href=\"https:\/\/www.linkedin.com\/in\/victor-grimblatt\" target=\"_blank\" rel=\"noopener\">V\u00edctor Grimblatt<\/a><\/td>\n<td>industry@ieeechile.cl<\/td>\n<\/tr>\n<\/tbody>\n<\/table>\n","protected":false},"excerpt":{"rendered":"<p>Comit\u00e9 Integrantes Correo Actividades Educacionales Sandra Cano educations.board@ieeechile.cl Actividades Estudiantiles Pablo Astudillo,Danny Esp\u00edn Desarrollo de Membres\u00edas Karol Suchan, Basti\u00e1n Osorio membership@ieeechile.cl Elecciones Roberto Larenas, Oswaldo Men\u00e9ndez, Steven Nazareno(R9 representative) elections@ieeechile.cl Gesti\u00f3n de Informaci\u00f3n Ignacio Bugue\u00f1o, Javier Retamal webmaster@ieeechile.cl Premios y Reconocimientos Antonio Rienzo arc.centro@ieeechile.cl Relaciones Industriales Ram\u00f3n Espinosa, V\u00edctor Grimblatt industry@ieeechile.cl<\/p>\n","protected":false},"author":1,"featured_media":0,"parent":0,"menu_order":0,"comment_status":"closed","ping_status":"closed","template":"","meta":{"footnotes":""},"class_list":["post-170","page","type-page","status-publish","hentry"],"_links":{"self":[{"href":"https:\/\/ieeechile.cl\/dec0\/wp-json\/wp\/v2\/pages\/170","targetHints":{"allow":["GET"]}}],"collection":[{"href":"https:\/\/ieeechile.cl\/dec0\/wp-json\/wp\/v2\/pages"}],"about":[{"href":"https:\/\/ieeechile.cl\/dec0\/wp-json\/wp\/v2\/types\/page"}],"author":[{"embeddable":true,"href":"https:\/\/ieeechile.cl\/dec0\/wp-json\/wp\/v2\/users\/1"}],"replies":[{"embeddable":true,"href":"https:\/\/ieeechile.cl\/dec0\/wp-json\/wp\/v2\/comments?post=170"}],"version-history":[{"count":16,"href":"https:\/\/ieeechile.cl\/dec0\/wp-json\/wp\/v2\/pages\/170\/revisions"}],"predecessor-version":[{"id":635,"href":"https:\/\/ieeechile.cl\/dec0\/wp-json\/wp\/v2\/pages\/170\/revisions\/635"}],"wp:attachment":[{"href":"https:\/\/ieeechile.cl\/dec0\/wp-json\/wp\/v2\/media?parent=170"}],"curies":[{"name":"wp","href":"https:\/\/api.w.org\/{rel}","templated":true}]}}