{"id":9,"date":"2023-06-01T15:00:22","date_gmt":"2023-06-01T15:00:22","guid":{"rendered":"https:\/\/ieeechile.cl\/cis\/?page_id=9"},"modified":"2023-06-01T15:10:39","modified_gmt":"2023-06-01T15:10:39","slug":"hazte-miembro","status":"publish","type":"page","link":"https:\/\/ieeechile.cl\/cis\/hazte-miembro\/","title":{"rendered":"Hazte miembro"},"content":{"rendered":"\n<p>Para ser miembro del cap\u00edtulo chileno de CIS s\u00f3lo necesitas tener una membres\u00eda activa de IEEE CIS y adem\u00e1s pertenecer a las secciones IEEE Chile-Centro o IEEE Chile-Sur. <\/p>\n\n\n\n<p>Las ventajas principales de ser miembro son:<\/p>\n\n\n\n<ul class=\"wp-block-list\">\n<li>Pertenecer y tener contacto directo con una red de expertos nacionales en el \u00e1rea de la Inteligencia Computacional (IC).<\/li>\n\n\n\n<li>Oportunidad para participar en la organizaci\u00f3n de iniciativas en torno a la IC.<\/li>\n\n\n\n<li>Acceder a descuentos en los costos de inscripci\u00f3n para los eventos organizados por el cap\u00edtulo.<\/li>\n\n\n\n<li>M\u00e1s todas las ventajas de pertenecer al IEEE CIS, como por ejemplo acceso online a la IEEE <a href=\"https:\/\/ieeexplore.ieee.org\/xpl\/RecentIssue.jsp?punumber=10207\" target=\"_blank\" rel=\"noreferrer noopener\">Computational Intelligence Magazine<\/a> y otros prestigiosos journals en torno a la IC.<\/li>\n<\/ul>\n\n\n\n<p>Si usted ya es miembro de la IEEE, adquirir la membres\u00eda CIS s\u00f3lo le costar\u00e1 14.5 USD si es profesional o 2.5 USD en caso de ser estudiante. M\u00e1s detalles en el siguiente enlance: <a href=\"https:\/\/www.ieee.org\/membership-catalog\/productdetail\/showProductDetailPage.html?product=MEMCIS011\" target=\"_blank\" rel=\"noreferrer noopener\">https:\/\/www.ieee.org\/membership-catalog\/productdetail\/showProductDetailPage.html?product=MEMCIS011<\/a><\/p>\n\n\n\n<p><\/p>\n","protected":false},"excerpt":{"rendered":"<p>Para ser miembro del cap\u00edtulo chileno de CIS s\u00f3lo necesitas tener una membres\u00eda activa de IEEE CIS y adem\u00e1s pertenecer a las secciones IEEE Chile-Centro o IEEE Chile-Sur. <\/p>\n<p>Las ventajas principales de ser miembro son:<\/p>\n<p>Pertenecer y tener contacto directo con una red de expertos nacionales &#8230;<\/p>\n","protected":false},"author":3,"featured_media":0,"parent":0,"menu_order":0,"comment_status":"closed","ping_status":"closed","template":"","meta":{"om_disable_all_campaigns":false,"_monsterinsights_skip_tracking":false,"_monsterinsights_sitenote_active":false,"_monsterinsights_sitenote_note":"","_monsterinsights_sitenote_category":0,"footnotes":""},"class_list":["post-9","page","type-page","status-publish","hentry"],"yoast_head":"<!-- This site is optimized with the Yoast SEO plugin v27.4 - https:\/\/yoast.com\/product\/yoast-seo-wordpress\/ -->\n<title>Hazte miembro - IEEE CIS Chile Joint Chapter<\/title>\n<meta name=\"robots\" content=\"index, follow, max-snippet:-1, max-image-preview:large, max-video-preview:-1\" \/>\n<link rel=\"canonical\" href=\"https:\/\/ieeechile.cl\/cis\/hazte-miembro\/\" \/>\n<meta property=\"og:locale\" content=\"en_US\" \/>\n<meta property=\"og:type\" content=\"article\" \/>\n<meta property=\"og:title\" content=\"Hazte miembro - IEEE CIS Chile Joint Chapter\" \/>\n<meta property=\"og:description\" content=\"Para ser miembro del cap\u00edtulo chileno de CIS s\u00f3lo necesitas tener una membres\u00eda activa de IEEE CIS y adem\u00e1s pertenecer a las secciones IEEE Chile-Centro o IEEE Chile-Sur.   Las ventajas principales de ser miembro son:   Pertenecer y tener contacto directo con una red de expertos nacionales ...\" \/>\n<meta property=\"og:url\" content=\"https:\/\/ieeechile.cl\/cis\/hazte-miembro\/\" \/>\n<meta property=\"og:site_name\" content=\"IEEE CIS Chile Joint Chapter\" \/>\n<meta property=\"article:modified_time\" content=\"2023-06-01T15:10:39+00:00\" \/>\n<meta name=\"twitter:card\" content=\"summary_large_image\" \/>\n<meta name=\"twitter:label1\" content=\"Est. reading time\" \/>\n\t<meta name=\"twitter:data1\" content=\"1 minute\" \/>\n<script type=\"application\/ld+json\" class=\"yoast-schema-graph\">{\"@context\":\"https:\\\/\\\/schema.org\",\"@graph\":[{\"@type\":\"WebPage\",\"@id\":\"https:\\\/\\\/ieeechile.cl\\\/cis\\\/hazte-miembro\\\/\",\"url\":\"https:\\\/\\\/ieeechile.cl\\\/cis\\\/hazte-miembro\\\/\",\"name\":\"Hazte miembro - IEEE CIS Chile Joint Chapter\",\"isPartOf\":{\"@id\":\"https:\\\/\\\/ieeechile.cl\\\/cis\\\/#website\"},\"datePublished\":\"2023-06-01T15:00:22+00:00\",\"dateModified\":\"2023-06-01T15:10:39+00:00\",\"breadcrumb\":{\"@id\":\"https:\\\/\\\/ieeechile.cl\\\/cis\\\/hazte-miembro\\\/#breadcrumb\"},\"inLanguage\":\"en-US\",\"potentialAction\":[{\"@type\":\"ReadAction\",\"target\":[\"https:\\\/\\\/ieeechile.cl\\\/cis\\\/hazte-miembro\\\/\"]}]},{\"@type\":\"BreadcrumbList\",\"@id\":\"https:\\\/\\\/ieeechile.cl\\\/cis\\\/hazte-miembro\\\/#breadcrumb\",\"itemListElement\":[{\"@type\":\"ListItem\",\"position\":1,\"name\":\"Home\",\"item\":\"https:\\\/\\\/ieeechile.cl\\\/cis\\\/\"},{\"@type\":\"ListItem\",\"position\":2,\"name\":\"Hazte miembro\"}]},{\"@type\":\"WebSite\",\"@id\":\"https:\\\/\\\/ieeechile.cl\\\/cis\\\/#website\",\"url\":\"https:\\\/\\\/ieeechile.cl\\\/cis\\\/\",\"name\":\"IEEE CIS Chile Joint Chapter\",\"description\":\"IEEE Chile\",\"potentialAction\":[{\"@type\":\"SearchAction\",\"target\":{\"@type\":\"EntryPoint\",\"urlTemplate\":\"https:\\\/\\\/ieeechile.cl\\\/cis\\\/?s={search_term_string}\"},\"query-input\":{\"@type\":\"PropertyValueSpecification\",\"valueRequired\":true,\"valueName\":\"search_term_string\"}}],\"inLanguage\":\"en-US\"}]}<\/script>\n<!-- \/ Yoast SEO plugin. -->","yoast_head_json":{"title":"Hazte miembro - IEEE CIS Chile Joint Chapter","robots":{"index":"index","follow":"follow","max-snippet":"max-snippet:-1","max-image-preview":"max-image-preview:large","max-video-preview":"max-video-preview:-1"},"canonical":"https:\/\/ieeechile.cl\/cis\/hazte-miembro\/","og_locale":"en_US","og_type":"article","og_title":"Hazte miembro - IEEE CIS Chile Joint Chapter","og_description":"Para ser miembro del cap\u00edtulo chileno de CIS s\u00f3lo necesitas tener una membres\u00eda activa de IEEE CIS y adem\u00e1s pertenecer a las secciones IEEE Chile-Centro o IEEE Chile-Sur.   Las ventajas principales de ser miembro son:   Pertenecer y tener contacto directo con una red de expertos nacionales ...","og_url":"https:\/\/ieeechile.cl\/cis\/hazte-miembro\/","og_site_name":"IEEE CIS Chile Joint Chapter","article_modified_time":"2023-06-01T15:10:39+00:00","twitter_card":"summary_large_image","twitter_misc":{"Est. reading time":"1 minute"},"schema":{"@context":"https:\/\/schema.org","@graph":[{"@type":"WebPage","@id":"https:\/\/ieeechile.cl\/cis\/hazte-miembro\/","url":"https:\/\/ieeechile.cl\/cis\/hazte-miembro\/","name":"Hazte miembro - IEEE CIS Chile Joint Chapter","isPartOf":{"@id":"https:\/\/ieeechile.cl\/cis\/#website"},"datePublished":"2023-06-01T15:00:22+00:00","dateModified":"2023-06-01T15:10:39+00:00","breadcrumb":{"@id":"https:\/\/ieeechile.cl\/cis\/hazte-miembro\/#breadcrumb"},"inLanguage":"en-US","potentialAction":[{"@type":"ReadAction","target":["https:\/\/ieeechile.cl\/cis\/hazte-miembro\/"]}]},{"@type":"BreadcrumbList","@id":"https:\/\/ieeechile.cl\/cis\/hazte-miembro\/#breadcrumb","itemListElement":[{"@type":"ListItem","position":1,"name":"Home","item":"https:\/\/ieeechile.cl\/cis\/"},{"@type":"ListItem","position":2,"name":"Hazte miembro"}]},{"@type":"WebSite","@id":"https:\/\/ieeechile.cl\/cis\/#website","url":"https:\/\/ieeechile.cl\/cis\/","name":"IEEE CIS Chile Joint Chapter","description":"IEEE Chile","potentialAction":[{"@type":"SearchAction","target":{"@type":"EntryPoint","urlTemplate":"https:\/\/ieeechile.cl\/cis\/?s={search_term_string}"},"query-input":{"@type":"PropertyValueSpecification","valueRequired":true,"valueName":"search_term_string"}}],"inLanguage":"en-US"}]}},"jetpack_sharing_enabled":true,"_links":{"self":[{"href":"https:\/\/ieeechile.cl\/cis\/wp-json\/wp\/v2\/pages\/9","targetHints":{"allow":["GET"]}}],"collection":[{"href":"https:\/\/ieeechile.cl\/cis\/wp-json\/wp\/v2\/pages"}],"about":[{"href":"https:\/\/ieeechile.cl\/cis\/wp-json\/wp\/v2\/types\/page"}],"author":[{"embeddable":true,"href":"https:\/\/ieeechile.cl\/cis\/wp-json\/wp\/v2\/users\/3"}],"replies":[{"embeddable":true,"href":"https:\/\/ieeechile.cl\/cis\/wp-json\/wp\/v2\/comments?post=9"}],"version-history":[{"count":2,"href":"https:\/\/ieeechile.cl\/cis\/wp-json\/wp\/v2\/pages\/9\/revisions"}],"predecessor-version":[{"id":15,"href":"https:\/\/ieeechile.cl\/cis\/wp-json\/wp\/v2\/pages\/9\/revisions\/15"}],"wp:attachment":[{"href":"https:\/\/ieeechile.cl\/cis\/wp-json\/wp\/v2\/media?parent=9"}],"curies":[{"name":"wp","href":"https:\/\/api.w.org\/{rel}","templated":true}]}}