{"id":28,"date":"2023-06-02T02:09:16","date_gmt":"2023-06-02T02:09:16","guid":{"rendered":"https:\/\/ieeechile.cl\/cis\/?page_id=28"},"modified":"2023-06-08T20:51:39","modified_gmt":"2023-06-08T20:51:39","slug":"noticias","status":"publish","type":"page","link":"https:\/\/ieeechile.cl\/cis\/","title":{"rendered":"Home"},"content":{"rendered":"\n<p>Bienvenidos al nuevo sitio web del Cap\u00edtulo Chileno de la Sociedad de Inteligencia Computacional de la IEEE (IEEE-CIS), donde encontrar\u00e1s informaci\u00f3n sobre nosotros y los eventos que organizamos. Si tienes pasi\u00f3n por la inteligencia computacional y buscas conectar con  personas que sienten esa misma pasi\u00f3n, est\u00e1s en el lugar correcto. <\/p>\n\n\n\n<p>Feed de noticias:<\/p>\n\n\n\n<div class=\"wp-block-columns is-layout-flex wp-container-core-columns-is-layout-9d6595d7 wp-block-columns-is-layout-flex\">\n<div class=\"wp-block-column is-layout-flow wp-block-column-is-layout-flow\" style=\"flex-basis:100%\"><div class=\"components-placeholder\"><div class=\"notice notice-error\">An error has occurred, which probably means the feed is down. Try again later.<\/div><\/div><\/div>\n<\/div>\n","protected":false},"excerpt":{"rendered":"<p>Bienvenidos al nuevo sitio web del Cap\u00edtulo Chileno de la Sociedad de Inteligencia Computacional de la IEEE (IEEE-CIS), donde encontrar\u00e1s informaci\u00f3n sobre nosotros y los eventos que organizamos. Si tienes pasi\u00f3n por la inteligencia computacional y buscas conectar con  personas que sienten esa misma &#8230;<\/p>\n","protected":false},"author":3,"featured_media":0,"parent":0,"menu_order":0,"comment_status":"closed","ping_status":"closed","template":"","meta":{"om_disable_all_campaigns":false,"_monsterinsights_skip_tracking":false,"_monsterinsights_sitenote_active":false,"_monsterinsights_sitenote_note":"","_monsterinsights_sitenote_category":0,"footnotes":""},"class_list":["post-28","page","type-page","status-publish","hentry"],"yoast_head":"<!-- This site is optimized with the Yoast SEO plugin v27.4 - https:\/\/yoast.com\/product\/yoast-seo-wordpress\/ -->\n<title>Home - IEEE CIS Chile Joint Chapter<\/title>\n<meta name=\"robots\" content=\"index, follow, max-snippet:-1, max-image-preview:large, max-video-preview:-1\" \/>\n<link rel=\"canonical\" href=\"https:\/\/ieeechile.cl\/cis\/\" \/>\n<meta property=\"og:locale\" content=\"en_US\" \/>\n<meta property=\"og:type\" content=\"article\" \/>\n<meta property=\"og:title\" content=\"Home - IEEE CIS Chile Joint Chapter\" \/>\n<meta property=\"og:description\" content=\"Bienvenidos al nuevo sitio web del Cap\u00edtulo Chileno de la Sociedad de Inteligencia Computacional de la IEEE (IEEE-CIS), donde encontrar\u00e1s informaci\u00f3n sobre nosotros y los eventos que organizamos. Si tienes pasi\u00f3n por la inteligencia computacional y buscas conectar con personas que sienten esa misma ...\" \/>\n<meta property=\"og:url\" content=\"https:\/\/ieeechile.cl\/cis\/\" \/>\n<meta property=\"og:site_name\" content=\"IEEE CIS Chile Joint Chapter\" \/>\n<meta property=\"article:modified_time\" content=\"2023-06-08T20:51:39+00:00\" \/>\n<meta name=\"twitter:card\" content=\"summary_large_image\" \/>\n<meta name=\"twitter:label1\" content=\"Est. reading time\" \/>\n\t<meta name=\"twitter:data1\" content=\"1 minute\" \/>\n<script type=\"application\/ld+json\" class=\"yoast-schema-graph\">{\"@context\":\"https:\\\/\\\/schema.org\",\"@graph\":[{\"@type\":\"WebPage\",\"@id\":\"https:\\\/\\\/ieeechile.cl\\\/cis\\\/\",\"url\":\"https:\\\/\\\/ieeechile.cl\\\/cis\\\/\",\"name\":\"Home - IEEE CIS Chile Joint Chapter\",\"isPartOf\":{\"@id\":\"https:\\\/\\\/ieeechile.cl\\\/cis\\\/#website\"},\"datePublished\":\"2023-06-02T02:09:16+00:00\",\"dateModified\":\"2023-06-08T20:51:39+00:00\",\"breadcrumb\":{\"@id\":\"https:\\\/\\\/ieeechile.cl\\\/cis\\\/#breadcrumb\"},\"inLanguage\":\"en-US\",\"potentialAction\":[{\"@type\":\"ReadAction\",\"target\":[\"https:\\\/\\\/ieeechile.cl\\\/cis\\\/\"]}]},{\"@type\":\"BreadcrumbList\",\"@id\":\"https:\\\/\\\/ieeechile.cl\\\/cis\\\/#breadcrumb\",\"itemListElement\":[{\"@type\":\"ListItem\",\"position\":1,\"name\":\"Home\",\"item\":\"https:\\\/\\\/ieeechile.cl\\\/cis\\\/\"},{\"@type\":\"ListItem\",\"position\":2,\"name\":\"Home\"}]},{\"@type\":\"WebSite\",\"@id\":\"https:\\\/\\\/ieeechile.cl\\\/cis\\\/#website\",\"url\":\"https:\\\/\\\/ieeechile.cl\\\/cis\\\/\",\"name\":\"IEEE CIS Chile Joint Chapter\",\"description\":\"IEEE Chile\",\"potentialAction\":[{\"@type\":\"SearchAction\",\"target\":{\"@type\":\"EntryPoint\",\"urlTemplate\":\"https:\\\/\\\/ieeechile.cl\\\/cis\\\/?s={search_term_string}\"},\"query-input\":{\"@type\":\"PropertyValueSpecification\",\"valueRequired\":true,\"valueName\":\"search_term_string\"}}],\"inLanguage\":\"en-US\"}]}<\/script>\n<!-- \/ Yoast SEO plugin. -->","yoast_head_json":{"title":"Home - IEEE CIS Chile Joint Chapter","robots":{"index":"index","follow":"follow","max-snippet":"max-snippet:-1","max-image-preview":"max-image-preview:large","max-video-preview":"max-video-preview:-1"},"canonical":"https:\/\/ieeechile.cl\/cis\/","og_locale":"en_US","og_type":"article","og_title":"Home - IEEE CIS Chile Joint Chapter","og_description":"Bienvenidos al nuevo sitio web del Cap\u00edtulo Chileno de la Sociedad de Inteligencia Computacional de la IEEE (IEEE-CIS), donde encontrar\u00e1s informaci\u00f3n sobre nosotros y los eventos que organizamos. Si tienes pasi\u00f3n por la inteligencia computacional y buscas conectar con personas que sienten esa misma ...","og_url":"https:\/\/ieeechile.cl\/cis\/","og_site_name":"IEEE CIS Chile Joint Chapter","article_modified_time":"2023-06-08T20:51:39+00:00","twitter_card":"summary_large_image","twitter_misc":{"Est. reading time":"1 minute"},"schema":{"@context":"https:\/\/schema.org","@graph":[{"@type":"WebPage","@id":"https:\/\/ieeechile.cl\/cis\/","url":"https:\/\/ieeechile.cl\/cis\/","name":"Home - IEEE CIS Chile Joint Chapter","isPartOf":{"@id":"https:\/\/ieeechile.cl\/cis\/#website"},"datePublished":"2023-06-02T02:09:16+00:00","dateModified":"2023-06-08T20:51:39+00:00","breadcrumb":{"@id":"https:\/\/ieeechile.cl\/cis\/#breadcrumb"},"inLanguage":"en-US","potentialAction":[{"@type":"ReadAction","target":["https:\/\/ieeechile.cl\/cis\/"]}]},{"@type":"BreadcrumbList","@id":"https:\/\/ieeechile.cl\/cis\/#breadcrumb","itemListElement":[{"@type":"ListItem","position":1,"name":"Home","item":"https:\/\/ieeechile.cl\/cis\/"},{"@type":"ListItem","position":2,"name":"Home"}]},{"@type":"WebSite","@id":"https:\/\/ieeechile.cl\/cis\/#website","url":"https:\/\/ieeechile.cl\/cis\/","name":"IEEE CIS Chile Joint Chapter","description":"IEEE Chile","potentialAction":[{"@type":"SearchAction","target":{"@type":"EntryPoint","urlTemplate":"https:\/\/ieeechile.cl\/cis\/?s={search_term_string}"},"query-input":{"@type":"PropertyValueSpecification","valueRequired":true,"valueName":"search_term_string"}}],"inLanguage":"en-US"}]}},"jetpack_sharing_enabled":true,"_links":{"self":[{"href":"https:\/\/ieeechile.cl\/cis\/wp-json\/wp\/v2\/pages\/28","targetHints":{"allow":["GET"]}}],"collection":[{"href":"https:\/\/ieeechile.cl\/cis\/wp-json\/wp\/v2\/pages"}],"about":[{"href":"https:\/\/ieeechile.cl\/cis\/wp-json\/wp\/v2\/types\/page"}],"author":[{"embeddable":true,"href":"https:\/\/ieeechile.cl\/cis\/wp-json\/wp\/v2\/users\/3"}],"replies":[{"embeddable":true,"href":"https:\/\/ieeechile.cl\/cis\/wp-json\/wp\/v2\/comments?post=28"}],"version-history":[{"count":5,"href":"https:\/\/ieeechile.cl\/cis\/wp-json\/wp\/v2\/pages\/28\/revisions"}],"predecessor-version":[{"id":44,"href":"https:\/\/ieeechile.cl\/cis\/wp-json\/wp\/v2\/pages\/28\/revisions\/44"}],"wp:attachment":[{"href":"https:\/\/ieeechile.cl\/cis\/wp-json\/wp\/v2\/media?parent=28"}],"curies":[{"name":"wp","href":"https:\/\/api.w.org\/{rel}","templated":true}]}}