{"id":16,"date":"2023-06-02T01:34:00","date_gmt":"2023-06-02T01:34:00","guid":{"rendered":"https:\/\/ieeechile.cl\/cis\/?page_id=16"},"modified":"2023-06-02T02:22:39","modified_gmt":"2023-06-02T02:22:39","slug":"sobre-el-capitulo","status":"publish","type":"page","link":"https:\/\/ieeechile.cl\/cis\/sobre-el-capitulo\/","title":{"rendered":"Sobre el cap\u00edtulo"},"content":{"rendered":"\n<p>El cap\u00edtulo chileno del <a href=\"https:\/\/cis.ieee.org\/\" target=\"_blank\" rel=\"noreferrer noopener\">IEEE-CIS<\/a> fue creado el 6 de enero de 2003. En 2005 el cap\u00edtulo obtuvo el premio al mejor cap\u00edtulo de CIS, premio que fue entregado en la conferencia mundial de inteligencia computacional (WCCI) de 2006. Desde el 3 de junio de 2021 el cap\u00edtulo chileno IEEE-CIS es un cap\u00edtulo conjunto de las secciones IEEE <a href=\"https:\/\/ieeechile.cl\/\" target=\"_blank\" rel=\"noreferrer noopener\">Chile-Centro<\/a> y <a href=\"https:\/\/site.ieee.org\/chilesur\/\" target=\"_blank\" rel=\"noreferrer noopener\">Chile-Sur<\/a>. Actualmente, el cap\u00edtulo tiene 55 miembros activos.<\/p>\n\n\n\n<p>Una de las principales actividades del cap\u00edtulo es la Escuela de Verano Latinoamericana en Inteligencia Computacional (EVIC), que se realiza anualmente desde 2004 en colaboraci\u00f3n con universidades chilenas y empresas auspiciadoras. El objetivo de la escuela es difundir los avances recientes de la inteligencia computacional al p\u00fablico universitario y empresarial de Chile y Latinoam\u00e9rica. Cada a\u00f1o EVIC re\u00fane a investigadores mundialmente distinguidos en temas relacionados a las redes neuronales, l\u00f3gica difusa y computaci\u00f3n evolutiva quienes durante tres d\u00edas dictan charlas plenarias y tutoriales. Tambi\u00e9n se lleva a cabo una competencia de posters cient\u00edficos para estudiantes. La escuela ofrece becas de viaje para estudiantes y desde 2018 cuenta con un programa especial de becas para estudiantes mujeres e ind\u00edgenas, con el objetivo de favorecer la inclusi\u00f3n.&nbsp;<\/p>\n\n\n\n<p>Con el objetivo de alcanzar p\u00fablicos diversos EVIC se ha llevado a cabo en distintas ciudades de Chile. <a href=\"http:\/\/evic2019.inf.uach.cl\/\" target=\"_blank\" rel=\"noreferrer noopener\">En 2019 EVIC<\/a> fue realizado en la ciudad de Valdivia, en coorganizaci\u00f3n con la Universidad Austral de Chile. Debido a la pandemia <a href=\"http:\/\/evic2021.ufro.cl\/\" target=\"_blank\" rel=\"noreferrer noopener\">EVIC 2020 y 2021<\/a>, organizados por la Universidad de la Frontera, Temuco, fueron realizados en formato virtual. <a href=\"https:\/\/evic2022.utem.cl\/\" target=\"_blank\" rel=\"noreferrer noopener\">En 2022<\/a> EVIC volvi\u00f3 a la presencialidad en la ciudad de Santiago en coorganizaci\u00f3n con la Universidad Tecnol\u00f3gica Metropolitana. Te invitamos a estar atento a la informaci\u00f3n de los organizadores con respecto a EVIC 2023.<\/p>\n\n\n\n<p>\u00daltima actualizaci\u00f3n: 1 de junio de 2023<\/p>\n","protected":false},"excerpt":{"rendered":"<p>El cap\u00edtulo chileno del IEEE-CIS fue creado el 6 de enero de 2003. En 2005 el cap\u00edtulo obtuvo el premio al mejor cap\u00edtulo de CIS, premio que fue entregado en la conferencia mundial de inteligencia computacional (WCCI) de 2006. Desde el 3 de junio de &#8230;<\/p>\n","protected":false},"author":3,"featured_media":0,"parent":0,"menu_order":0,"comment_status":"closed","ping_status":"closed","template":"","meta":{"om_disable_all_campaigns":false,"_monsterinsights_skip_tracking":false,"_monsterinsights_sitenote_active":false,"_monsterinsights_sitenote_note":"","_monsterinsights_sitenote_category":0,"footnotes":""},"class_list":["post-16","page","type-page","status-publish","hentry"],"yoast_head":"<!-- This site is optimized with the Yoast SEO plugin v27.4 - https:\/\/yoast.com\/product\/yoast-seo-wordpress\/ -->\n<title>Sobre el cap\u00edtulo - IEEE CIS Chile Joint Chapter<\/title>\n<meta name=\"robots\" content=\"index, follow, max-snippet:-1, max-image-preview:large, max-video-preview:-1\" \/>\n<link rel=\"canonical\" href=\"https:\/\/ieeechile.cl\/cis\/sobre-el-capitulo\/\" \/>\n<meta property=\"og:locale\" content=\"en_US\" \/>\n<meta property=\"og:type\" content=\"article\" \/>\n<meta property=\"og:title\" content=\"Sobre el cap\u00edtulo - IEEE CIS Chile Joint Chapter\" \/>\n<meta property=\"og:description\" content=\"El cap\u00edtulo chileno del IEEE-CIS fue creado el 6 de enero de 2003. En 2005 el cap\u00edtulo obtuvo el premio al mejor cap\u00edtulo de CIS, premio que fue entregado en la conferencia mundial de inteligencia computacional (WCCI) de 2006. Desde el 3 de junio de ...\" \/>\n<meta property=\"og:url\" content=\"https:\/\/ieeechile.cl\/cis\/sobre-el-capitulo\/\" \/>\n<meta property=\"og:site_name\" content=\"IEEE CIS Chile Joint Chapter\" \/>\n<meta property=\"article:modified_time\" content=\"2023-06-02T02:22:39+00:00\" \/>\n<meta name=\"twitter:card\" content=\"summary_large_image\" \/>\n<meta name=\"twitter:label1\" content=\"Est. reading time\" \/>\n\t<meta name=\"twitter:data1\" content=\"2 minutes\" \/>\n<script type=\"application\/ld+json\" class=\"yoast-schema-graph\">{\"@context\":\"https:\\\/\\\/schema.org\",\"@graph\":[{\"@type\":\"WebPage\",\"@id\":\"https:\\\/\\\/ieeechile.cl\\\/cis\\\/sobre-el-capitulo\\\/\",\"url\":\"https:\\\/\\\/ieeechile.cl\\\/cis\\\/sobre-el-capitulo\\\/\",\"name\":\"Sobre el cap\u00edtulo - IEEE CIS Chile Joint Chapter\",\"isPartOf\":{\"@id\":\"https:\\\/\\\/ieeechile.cl\\\/cis\\\/#website\"},\"datePublished\":\"2023-06-02T01:34:00+00:00\",\"dateModified\":\"2023-06-02T02:22:39+00:00\",\"breadcrumb\":{\"@id\":\"https:\\\/\\\/ieeechile.cl\\\/cis\\\/sobre-el-capitulo\\\/#breadcrumb\"},\"inLanguage\":\"en-US\",\"potentialAction\":[{\"@type\":\"ReadAction\",\"target\":[\"https:\\\/\\\/ieeechile.cl\\\/cis\\\/sobre-el-capitulo\\\/\"]}]},{\"@type\":\"BreadcrumbList\",\"@id\":\"https:\\\/\\\/ieeechile.cl\\\/cis\\\/sobre-el-capitulo\\\/#breadcrumb\",\"itemListElement\":[{\"@type\":\"ListItem\",\"position\":1,\"name\":\"Home\",\"item\":\"https:\\\/\\\/ieeechile.cl\\\/cis\\\/\"},{\"@type\":\"ListItem\",\"position\":2,\"name\":\"Sobre el cap\u00edtulo\"}]},{\"@type\":\"WebSite\",\"@id\":\"https:\\\/\\\/ieeechile.cl\\\/cis\\\/#website\",\"url\":\"https:\\\/\\\/ieeechile.cl\\\/cis\\\/\",\"name\":\"IEEE CIS Chile Joint Chapter\",\"description\":\"IEEE Chile\",\"potentialAction\":[{\"@type\":\"SearchAction\",\"target\":{\"@type\":\"EntryPoint\",\"urlTemplate\":\"https:\\\/\\\/ieeechile.cl\\\/cis\\\/?s={search_term_string}\"},\"query-input\":{\"@type\":\"PropertyValueSpecification\",\"valueRequired\":true,\"valueName\":\"search_term_string\"}}],\"inLanguage\":\"en-US\"}]}<\/script>\n<!-- \/ Yoast SEO plugin. -->","yoast_head_json":{"title":"Sobre el cap\u00edtulo - IEEE CIS Chile Joint Chapter","robots":{"index":"index","follow":"follow","max-snippet":"max-snippet:-1","max-image-preview":"max-image-preview:large","max-video-preview":"max-video-preview:-1"},"canonical":"https:\/\/ieeechile.cl\/cis\/sobre-el-capitulo\/","og_locale":"en_US","og_type":"article","og_title":"Sobre el cap\u00edtulo - IEEE CIS Chile Joint Chapter","og_description":"El cap\u00edtulo chileno del IEEE-CIS fue creado el 6 de enero de 2003. En 2005 el cap\u00edtulo obtuvo el premio al mejor cap\u00edtulo de CIS, premio que fue entregado en la conferencia mundial de inteligencia computacional (WCCI) de 2006. Desde el 3 de junio de ...","og_url":"https:\/\/ieeechile.cl\/cis\/sobre-el-capitulo\/","og_site_name":"IEEE CIS Chile Joint Chapter","article_modified_time":"2023-06-02T02:22:39+00:00","twitter_card":"summary_large_image","twitter_misc":{"Est. reading time":"2 minutes"},"schema":{"@context":"https:\/\/schema.org","@graph":[{"@type":"WebPage","@id":"https:\/\/ieeechile.cl\/cis\/sobre-el-capitulo\/","url":"https:\/\/ieeechile.cl\/cis\/sobre-el-capitulo\/","name":"Sobre el cap\u00edtulo - IEEE CIS Chile Joint Chapter","isPartOf":{"@id":"https:\/\/ieeechile.cl\/cis\/#website"},"datePublished":"2023-06-02T01:34:00+00:00","dateModified":"2023-06-02T02:22:39+00:00","breadcrumb":{"@id":"https:\/\/ieeechile.cl\/cis\/sobre-el-capitulo\/#breadcrumb"},"inLanguage":"en-US","potentialAction":[{"@type":"ReadAction","target":["https:\/\/ieeechile.cl\/cis\/sobre-el-capitulo\/"]}]},{"@type":"BreadcrumbList","@id":"https:\/\/ieeechile.cl\/cis\/sobre-el-capitulo\/#breadcrumb","itemListElement":[{"@type":"ListItem","position":1,"name":"Home","item":"https:\/\/ieeechile.cl\/cis\/"},{"@type":"ListItem","position":2,"name":"Sobre el cap\u00edtulo"}]},{"@type":"WebSite","@id":"https:\/\/ieeechile.cl\/cis\/#website","url":"https:\/\/ieeechile.cl\/cis\/","name":"IEEE CIS Chile Joint Chapter","description":"IEEE Chile","potentialAction":[{"@type":"SearchAction","target":{"@type":"EntryPoint","urlTemplate":"https:\/\/ieeechile.cl\/cis\/?s={search_term_string}"},"query-input":{"@type":"PropertyValueSpecification","valueRequired":true,"valueName":"search_term_string"}}],"inLanguage":"en-US"}]}},"jetpack_sharing_enabled":true,"_links":{"self":[{"href":"https:\/\/ieeechile.cl\/cis\/wp-json\/wp\/v2\/pages\/16","targetHints":{"allow":["GET"]}}],"collection":[{"href":"https:\/\/ieeechile.cl\/cis\/wp-json\/wp\/v2\/pages"}],"about":[{"href":"https:\/\/ieeechile.cl\/cis\/wp-json\/wp\/v2\/types\/page"}],"author":[{"embeddable":true,"href":"https:\/\/ieeechile.cl\/cis\/wp-json\/wp\/v2\/users\/3"}],"replies":[{"embeddable":true,"href":"https:\/\/ieeechile.cl\/cis\/wp-json\/wp\/v2\/comments?post=16"}],"version-history":[{"count":2,"href":"https:\/\/ieeechile.cl\/cis\/wp-json\/wp\/v2\/pages\/16\/revisions"}],"predecessor-version":[{"id":34,"href":"https:\/\/ieeechile.cl\/cis\/wp-json\/wp\/v2\/pages\/16\/revisions\/34"}],"wp:attachment":[{"href":"https:\/\/ieeechile.cl\/cis\/wp-json\/wp\/v2\/media?parent=16"}],"curies":[{"name":"wp","href":"https:\/\/api.w.org\/{rel}","templated":true}]}}